{"id":96,"date":"2019-07-22T10:55:14","date_gmt":"2019-07-22T08:55:14","guid":{"rendered":"https:\/\/beta.hopbasel.ch\/?page_id=96"},"modified":"2026-03-24T16:43:19","modified_gmt":"2026-03-24T15:43:19","slug":"oeffnungszeiten","status":"publish","type":"page","link":"https:\/\/www.hopbasel.ch\/en\/gebetsraum\/oeffnungszeiten\/","title":{"rendered":"Opening Hours"},"content":{"rendered":"<div data-elementor-type=\"wp-post\" data-elementor-id=\"96\" class=\"elementor elementor-96\" data-elementor-post-type=\"page\">\n\t\t\t\t\t\t<section class=\"elementor-section elementor-top-section elementor-element elementor-element-dc04865 elementor-section-boxed elementor-section-height-default elementor-section-height-default\" data-id=\"dc04865\" data-element_type=\"section\" data-e-type=\"section\">\n\t\t\t\t\t\t<div class=\"elementor-container elementor-column-gap-default\">\n\t\t\t\t\t<div class=\"elementor-column elementor-col-100 elementor-top-column elementor-element elementor-element-7bd64ac\" data-id=\"7bd64ac\" data-element_type=\"column\" data-e-type=\"column\">\n\t\t\t<div class=\"elementor-widget-wrap elementor-element-populated\">\n\t\t\t\t\t\t<div class=\"elementor-element elementor-element-a664d14 elementor-widget elementor-widget-spacer\" data-id=\"a664d14\" data-element_type=\"widget\" data-e-type=\"widget\" data-widget_type=\"spacer.default\">\n\t\t\t\t<div class=\"elementor-widget-container\">\n\t\t\t\t\t\t\t<div class=\"elementor-spacer\">\n\t\t\t<div class=\"elementor-spacer-inner\"><\/div>\n\t\t<\/div>\n\t\t\t\t\t\t<\/div>\n\t\t\t\t<\/div>\n\t\t\t\t\t<\/div>\n\t\t<\/div>\n\t\t\t\t\t<\/div>\n\t\t<\/section>\n\t\t\t\t<section class=\"elementor-section elementor-top-section elementor-element elementor-element-2c1959a elementor-section-boxed elementor-section-height-default elementor-section-height-default\" data-id=\"2c1959a\" data-element_type=\"section\" data-e-type=\"section\">\n\t\t\t\t\t\t<div class=\"elementor-container elementor-column-gap-default\">\n\t\t\t\t\t<div class=\"elementor-column elementor-col-100 elementor-top-column elementor-element elementor-element-38f6061\" data-id=\"38f6061\" data-element_type=\"column\" data-e-type=\"column\">\n\t\t\t<div class=\"elementor-widget-wrap elementor-element-populated\">\n\t\t\t\t\t\t<div class=\"elementor-element elementor-element-8986c91 elementor-widget elementor-widget-heading\" data-id=\"8986c91\" data-element_type=\"widget\" data-e-type=\"widget\" data-widget_type=\"heading.default\">\n\t\t\t\t<div class=\"elementor-widget-container\">\n\t\t\t\t\t<h2 class=\"elementor-heading-title elementor-size-default\">House of Prayer<\/h2>\t\t\t\t<\/div>\n\t\t\t\t<\/div>\n\t\t\t\t<div class=\"elementor-element elementor-element-b94ac2d elementor-widget elementor-widget-global elementor-global-238 elementor-widget-text-editor\" data-id=\"b94ac2d\" data-element_type=\"widget\" data-e-type=\"widget\" data-widget_type=\"text-editor.default\">\n\t\t\t\t<div class=\"elementor-widget-container\">\n\t\t\t\t\t\t\t\t\t<p><strong>Wednesday 19:00 - 22:00<\/strong><br \/><strong>Thursday 13:00 \u2013 23:00<\/strong><br \/><strong>Friday 05:00 \u2013 23:00<\/strong><br \/><strong>1st and 3rd Saturday of the month 11:00 - 20:00<\/strong><\/p><p><em>Visitors are welcome to come and go at any time during these hours!<\/em><\/p>\t\t\t\t\t\t\t\t<\/div>\n\t\t\t\t<\/div>\n\t\t\t\t\t<\/div>\n\t\t<\/div>\n\t\t\t\t\t<\/div>\n\t\t<\/section>\n\t\t\t\t<section class=\"elementor-section elementor-top-section elementor-element elementor-element-2e363a1 elementor-section-boxed elementor-section-height-default elementor-section-height-default\" data-id=\"2e363a1\" data-element_type=\"section\" data-e-type=\"section\">\n\t\t\t\t\t\t<div class=\"elementor-container elementor-column-gap-default\">\n\t\t\t\t\t<div class=\"elementor-column elementor-col-100 elementor-top-column elementor-element elementor-element-47986e1\" data-id=\"47986e1\" data-element_type=\"column\" data-e-type=\"column\">\n\t\t\t<div class=\"elementor-widget-wrap elementor-element-populated\">\n\t\t\t\t\t\t<div class=\"elementor-element elementor-element-d14d87d elementor-widget elementor-widget-spacer\" data-id=\"d14d87d\" data-element_type=\"widget\" data-e-type=\"widget\" data-widget_type=\"spacer.default\">\n\t\t\t\t<div class=\"elementor-widget-container\">\n\t\t\t\t\t\t\t<div class=\"elementor-spacer\">\n\t\t\t<div class=\"elementor-spacer-inner\"><\/div>\n\t\t<\/div>\n\t\t\t\t\t\t<\/div>\n\t\t\t\t<\/div>\n\t\t\t\t<div class=\"elementor-element elementor-element-25ea17f elementor-widget elementor-widget-heading\" data-id=\"25ea17f\" data-element_type=\"widget\" data-e-type=\"widget\" data-widget_type=\"heading.default\">\n\t\t\t\t<div class=\"elementor-widget-container\">\n\t\t\t\t\t<h2 class=\"elementor-heading-title elementor-size-default\">Taste&amp;See<\/h2>\t\t\t\t<\/div>\n\t\t\t\t<\/div>\n\t\t\t\t<div class=\"elementor-element elementor-element-c3d2ac1 elementor-widget elementor-widget-text-editor\" data-id=\"c3d2ac1\" data-element_type=\"widget\" data-e-type=\"widget\" data-widget_type=\"text-editor.default\">\n\t\t\t\t<div class=\"elementor-widget-container\">\n\t\t\t\t\t\t\t\t\t<p><strong>Taste&amp;See<\/strong> \u2013 A place for exchange and enjoyment!<\/p><p>Under <strong><a href=\"https:\/\/www.hopbasel.ch\/en\/gebetsraum\/cafeteria\/\">Cafeteria Taste&amp;See<\/a><\/strong> You can check when Taste&amp;See is open \ud83c\udf70\ud83c\udf75\u2615\ufe0fand when dinner \ud83c\udf55\ud83e\udd6a\ud83c\udf5b is served.<\/p>\t\t\t\t\t\t\t\t<\/div>\n\t\t\t\t<\/div>\n\t\t\t\t<div class=\"elementor-element elementor-element-61c2883 elementor-widget elementor-widget-spacer\" data-id=\"61c2883\" data-element_type=\"widget\" data-e-type=\"widget\" data-widget_type=\"spacer.default\">\n\t\t\t\t<div class=\"elementor-widget-container\">\n\t\t\t\t\t\t\t<div class=\"elementor-spacer\">\n\t\t\t<div class=\"elementor-spacer-inner\"><\/div>\n\t\t<\/div>\n\t\t\t\t\t\t<\/div>\n\t\t\t\t<\/div>\n\t\t\t\t<div class=\"elementor-element elementor-element-3c0f721 elementor-widget elementor-widget-heading\" data-id=\"3c0f721\" data-element_type=\"widget\" data-e-type=\"widget\" data-widget_type=\"heading.default\">\n\t\t\t\t<div class=\"elementor-widget-container\">\n\t\t\t\t\t<h2 class=\"elementor-heading-title elementor-size-default\">Events<\/h2>\t\t\t\t<\/div>\n\t\t\t\t<\/div>\n\t\t\t\t<div class=\"elementor-element elementor-element-7df86d4 elementor-widget elementor-widget-text-editor\" data-id=\"7df86d4\" data-element_type=\"widget\" data-e-type=\"widget\" data-widget_type=\"text-editor.default\">\n\t\t\t\t<div class=\"elementor-widget-container\">\n\t\t\t\t\t\t\t\t\t<p>Click here for upcoming <strong><a href=\"https:\/\/www.hopbasel.ch\/en\/veranstaltungen\/\">Events<\/a><\/strong>.<\/p>\t\t\t\t\t\t\t\t<\/div>\n\t\t\t\t<\/div>\n\t\t\t\t<div class=\"elementor-element elementor-element-e4a0998 elementor-widget elementor-widget-spacer\" data-id=\"e4a0998\" data-element_type=\"widget\" data-e-type=\"widget\" data-widget_type=\"spacer.default\">\n\t\t\t\t<div class=\"elementor-widget-container\">\n\t\t\t\t\t\t\t<div class=\"elementor-spacer\">\n\t\t\t<div class=\"elementor-spacer-inner\"><\/div>\n\t\t<\/div>\n\t\t\t\t\t\t<\/div>\n\t\t\t\t<\/div>\n\t\t\t\t<div class=\"elementor-element elementor-element-7adaecc elementor-widget elementor-widget-heading\" data-id=\"7adaecc\" data-element_type=\"widget\" data-e-type=\"widget\" data-widget_type=\"heading.default\">\n\t\t\t\t<div class=\"elementor-widget-container\">\n\t\t\t\t\t<h2 class=\"elementor-heading-title elementor-size-default\">Prayer Room Calender<\/h2>\t\t\t\t<\/div>\n\t\t\t\t<\/div>\n\t\t\t\t<div class=\"elementor-element elementor-element-618deac elementor-invisible elementor-widget elementor-widget-hop-calendar\" data-id=\"618deac\" data-element_type=\"widget\" data-e-type=\"widget\" data-settings=\"{&quot;_animation&quot;:&quot;fadeInUp&quot;}\" data-widget_type=\"hop-calendar.default\">\n\t\t\t\t<div class=\"elementor-widget-container\">\n\t\t\t\t\t<div class='hop-calendar'><div class='hop-event-header'><div class='w3-row'><div class='w3-col s4'><div class='w3-row'><div class='w3-col m6'>Date<\/div><div class='w3-col m6'>Time<\/div><\/div><\/div><div class='w3-col s8'><div class='w3-row'><div class='w3-col m6 l5'>Set \/ Prayer Theme<\/div><div class='w3-col m6 l7'>Worship Leader<\/div><\/div><\/div><\/div><\/div><div class='hop-event'><div class='w3-row'><div class='w3-col s4'><div class='w3-row'><div class='w3-col m6'><div class='hop-event-date'>Mi, 22. Apr<\/div><\/div><div class='w3-col m6'><div class='hop-event-time'>19:00 - 19:30<\/div><\/div><\/div><\/div><div class='w3-col s8'><div class='w3-row'><div class='w3-col m6 l5'><div class='hop-event-summary'>Worship <\/div><\/div><div class='w3-col m6 l5'><div class='hop-event-summary'> Recorded Music\/Livestream<\/div><\/div><\/div><\/div><\/div><\/div><div class='hop-event'><div class='w3-row'><div class='w3-col s4'><div class='w3-row'><div class='w3-col m6'><div class='hop-event-date'>Mi, 22. Apr<\/div><\/div><div class='w3-col m6'><div class='hop-event-time'>19:30 - 21:00<\/div><\/div><\/div><\/div><div class='w3-col s8'><div class='w3-row'><div class='w3-col m6 l5'><div class='hop-event-summary'>Gebet f\u00fcr hop Basel <\/div><\/div><div class='w3-col m6 l5'><div class='hop-event-summary'> Angelo Pisano<\/div><\/div><\/div><\/div><\/div><\/div><div class='hop-event'><div class='w3-row'><div class='w3-col s4'><div class='w3-row'><div class='w3-col m6'><div class='hop-event-date'>Mi, 22. Apr<\/div><\/div><div class='w3-col m6'><div class='hop-event-time'>21:00 - 22:00<\/div><\/div><\/div><\/div><div class='w3-col s8'><div class='w3-row'><div class='w3-col m6 l5'><div class='hop-event-summary'>Worship <\/div><\/div><div class='w3-col m6 l5'><div class='hop-event-summary'> Philipp Studer<\/div><\/div><\/div><\/div><\/div><\/div><\/div>\t\t\t\t<\/div>\n\t\t\t\t<\/div>\n\t\t\t\t<div class=\"elementor-element elementor-element-fd31f1f elementor-align-justify elementor-tablet-align-right elementor-mobile-align-center elementor-widget elementor-widget-button\" data-id=\"fd31f1f\" data-element_type=\"widget\" data-e-type=\"widget\" data-widget_type=\"button.default\">\n\t\t\t\t<div class=\"elementor-widget-container\">\n\t\t\t\t\t\t\t\t\t<div class=\"elementor-button-wrapper\">\n\t\t\t\t\t<a class=\"elementor-button elementor-button-link elementor-size-sm\" href=\"https:\/\/www.hopbasel.ch\/en\/gebetsraum\/set-kalender\/\" target=\"_blank\">\n\t\t\t\t\t\t<span class=\"elementor-button-content-wrapper\">\n\t\t\t\t\t\t\t\t\t<span class=\"elementor-button-text\">Go to Calender<\/span>\n\t\t\t\t\t<\/span>\n\t\t\t\t\t<\/a>\n\t\t\t\t<\/div>\n\t\t\t\t\t\t\t\t<\/div>\n\t\t\t\t<\/div>\n\t\t\t\t\t<\/div>\n\t\t<\/div>\n\t\t\t\t\t<\/div>\n\t\t<\/section>\n\t\t\t\t<section class=\"elementor-section elementor-top-section elementor-element elementor-element-08e6894 elementor-section-boxed elementor-section-height-default elementor-section-height-default\" data-id=\"08e6894\" data-element_type=\"section\" data-e-type=\"section\">\n\t\t\t\t\t\t<div class=\"elementor-container elementor-column-gap-default\">\n\t\t\t\t\t<div class=\"elementor-column elementor-col-100 elementor-top-column elementor-element elementor-element-8c93a33\" data-id=\"8c93a33\" data-element_type=\"column\" data-e-type=\"column\">\n\t\t\t<div class=\"elementor-widget-wrap elementor-element-populated\">\n\t\t\t\t\t\t<div class=\"elementor-element elementor-element-a01d96c elementor-widget-divider--view-line elementor-widget elementor-widget-divider\" data-id=\"a01d96c\" data-element_type=\"widget\" data-e-type=\"widget\" data-widget_type=\"divider.default\">\n\t\t\t\t<div class=\"elementor-widget-container\">\n\t\t\t\t\t\t\t<div class=\"elementor-divider\">\n\t\t\t<span class=\"elementor-divider-separator\">\n\t\t\t\t\t\t<\/span>\n\t\t<\/div>\n\t\t\t\t\t\t<\/div>\n\t\t\t\t<\/div>\n\t\t\t\t\t<\/div>\n\t\t<\/div>\n\t\t\t\t\t<\/div>\n\t\t<\/section>\n\t\t\t\t<\/div>","protected":false},"excerpt":{"rendered":"<p>Gebetshaus Mittwoch 19:00 \u2013 22:00Donnerstag 13:00 \u2013 23:00Freitag 05:00 \u2013 23:001. und 3. Samstag im Monat 11:00 \u2013 20:00 Kommen und Gehen ist w\u00e4hrend diesen Zeiten jederzeit m\u00f6glich! Taste&amp;See Taste&amp;See \u2013 Ein Ort f\u00fcr Austausch und Genuss! Unter Cafeteria Taste&amp;See k\u00f6nnt ihr nachschauen, zu welchen Zeiten Taste&amp;See ge\u00f6ffnet ist \ud83c\udf70\ud83c\udf75\u2615\ufe0f und wann es Abendessen \ud83c\udf55\ud83e\udd6a\ud83c\udf5bgibt. [&hellip;]<\/p>\n","protected":false},"author":4,"featured_media":0,"parent":57,"menu_order":1,"comment_status":"closed","ping_status":"closed","template":"","meta":{"footnotes":""},"class_list":["post-96","page","type-page","status-publish","hentry"],"_links":{"self":[{"href":"https:\/\/www.hopbasel.ch\/en\/wp-json\/wp\/v2\/pages\/96","targetHints":{"allow":["GET"]}}],"collection":[{"href":"https:\/\/www.hopbasel.ch\/en\/wp-json\/wp\/v2\/pages"}],"about":[{"href":"https:\/\/www.hopbasel.ch\/en\/wp-json\/wp\/v2\/types\/page"}],"author":[{"embeddable":true,"href":"https:\/\/www.hopbasel.ch\/en\/wp-json\/wp\/v2\/users\/4"}],"replies":[{"embeddable":true,"href":"https:\/\/www.hopbasel.ch\/en\/wp-json\/wp\/v2\/comments?post=96"}],"version-history":[{"count":355,"href":"https:\/\/www.hopbasel.ch\/en\/wp-json\/wp\/v2\/pages\/96\/revisions"}],"predecessor-version":[{"id":7684,"href":"https:\/\/www.hopbasel.ch\/en\/wp-json\/wp\/v2\/pages\/96\/revisions\/7684"}],"up":[{"embeddable":true,"href":"https:\/\/www.hopbasel.ch\/en\/wp-json\/wp\/v2\/pages\/57"}],"wp:attachment":[{"href":"https:\/\/www.hopbasel.ch\/en\/wp-json\/wp\/v2\/media?parent=96"}],"curies":[{"name":"wp","href":"https:\/\/api.w.org\/{rel}","templated":true}]}}