{"id":7314,"date":"2025-10-04T18:04:56","date_gmt":"2025-10-04T16:04:56","guid":{"rendered":"https:\/\/www.hopbasel.ch\/?page_id=7314"},"modified":"2026-01-05T17:06:43","modified_gmt":"2026-01-05T16:06:43","slug":"agw","status":"publish","type":"page","link":"https:\/\/www.hopbasel.ch\/en\/agw\/","title":{"rendered":"Alliance Prayer Week 2026"},"content":{"rendered":"<div data-elementor-type=\"wp-page\" data-elementor-id=\"7314\" class=\"elementor elementor-7314\" data-elementor-post-type=\"page\">\n\t\t\t\t\t\t<section class=\"elementor-section elementor-top-section elementor-element elementor-element-49c94ae elementor-section-full_width elementor-section-height-default elementor-section-height-default\" data-id=\"49c94ae\" data-element_type=\"section\" data-e-type=\"section\" data-settings=\"{&quot;background_background&quot;:&quot;classic&quot;}\">\n\t\t\t\t\t\t\t<div class=\"elementor-background-overlay\"><\/div>\n\t\t\t\t\t\t\t<div class=\"elementor-container elementor-column-gap-default\">\n\t\t\t\t\t<div class=\"elementor-column elementor-col-100 elementor-top-column elementor-element elementor-element-3cb9929\" data-id=\"3cb9929\" data-element_type=\"column\" data-e-type=\"column\">\n\t\t\t<div class=\"elementor-widget-wrap elementor-element-populated\">\n\t\t\t\t\t\t<div class=\"elementor-element elementor-element-5074e0a elementor-widget elementor-widget-spacer\" data-id=\"5074e0a\" data-element_type=\"widget\" data-e-type=\"widget\" data-widget_type=\"spacer.default\">\n\t\t\t\t<div class=\"elementor-widget-container\">\n\t\t\t\t\t\t\t<div class=\"elementor-spacer\">\n\t\t\t<div class=\"elementor-spacer-inner\"><\/div>\n\t\t<\/div>\n\t\t\t\t\t\t<\/div>\n\t\t\t\t<\/div>\n\t\t\t\t<div class=\"elementor-element elementor-element-b61a7c1 elementor-widget elementor-widget-heading\" data-id=\"b61a7c1\" data-element_type=\"widget\" data-e-type=\"widget\" data-widget_type=\"heading.default\">\n\t\t\t\t<div class=\"elementor-widget-container\">\n\t\t\t\t\t<h2 class=\"elementor-heading-title elementor-size-default\">Alliance Prayer Week 2026<\/h2>\t\t\t\t<\/div>\n\t\t\t\t<\/div>\n\t\t\t\t\t<\/div>\n\t\t<\/div>\n\t\t\t\t\t<\/div>\n\t\t<\/section>\n\t\t\t\t<section class=\"elementor-section elementor-top-section elementor-element elementor-element-a611e40 elementor-section-boxed elementor-section-height-default elementor-section-height-default\" data-id=\"a611e40\" data-element_type=\"section\" data-e-type=\"section\" data-settings=\"{&quot;background_background&quot;:&quot;classic&quot;}\">\n\t\t\t\t\t\t\t<div class=\"elementor-background-overlay\"><\/div>\n\t\t\t\t\t\t\t<div class=\"elementor-container elementor-column-gap-default\">\n\t\t\t\t\t<div class=\"elementor-column elementor-col-100 elementor-top-column elementor-element elementor-element-1309454\" data-id=\"1309454\" data-element_type=\"column\" data-e-type=\"column\">\n\t\t\t<div class=\"elementor-widget-wrap elementor-element-populated\">\n\t\t\t\t\t\t<div class=\"elementor-element elementor-element-b3f78f7 elementor-widget elementor-widget-heading\" data-id=\"b3f78f7\" data-element_type=\"widget\" data-e-type=\"widget\" data-widget_type=\"heading.default\">\n\t\t\t\t<div class=\"elementor-widget-container\">\n\t\t\t\t\t<h2 class=\"elementor-heading-title elementor-size-default\">Z\u00e4mme f\u00fcr Basel<br>12. bis 17. Januar 2026<\/h2>\t\t\t\t<\/div>\n\t\t\t\t<\/div>\n\t\t\t\t<div class=\"elementor-element elementor-element-ec2a12b elementor-widget elementor-widget-text-editor\" data-id=\"ec2a12b\" data-element_type=\"widget\" data-e-type=\"widget\" data-widget_type=\"text-editor.default\">\n\t\t\t\t<div class=\"elementor-widget-container\">\n\t\t\t\t\t\t\t\t\t<p><b>Er\u00f6ffnung: <\/b>Montag <strong>19 \u2013 21 Uhr<br \/><\/strong><strong>Abschluss:<\/strong> Samstag <strong>19 \u2013 21 Uhr<\/strong><strong><br \/>Ge\u00f6ffnet: <\/strong>Dienstag bis Freitag <strong>06 \u2013 <\/strong><strong>22 Uhr<\/strong>. \/ Samstag <strong>06 \u2013 <\/strong><strong>21 Uhr<\/strong>.<\/p>\t\t\t\t\t\t\t\t<\/div>\n\t\t\t\t<\/div>\n\t\t\t\t<div class=\"elementor-element elementor-element-1e3dffc elementor-widget elementor-widget-text-editor\" data-id=\"1e3dffc\" data-element_type=\"widget\" data-e-type=\"widget\" data-widget_type=\"text-editor.default\">\n\t\t\t\t<div class=\"elementor-widget-container\">\n\t\t\t\t\t\t\t\t\t<p class=\"translation-block\">- Early morning prayer 06 -07 am<br>- Midday prayer 12 - 1 pm<br>- Evening events 7 - 9 pm<\/p>\t\t\t\t\t\t\t\t<\/div>\n\t\t\t\t<\/div>\n\t\t\t\t<div class=\"elementor-element elementor-element-c5f78a6 elementor-widget elementor-widget-text-editor\" data-id=\"c5f78a6\" data-element_type=\"widget\" data-e-type=\"widget\" data-widget_type=\"text-editor.default\">\n\t\t\t\t<div class=\"elementor-widget-container\">\n\t\t\t\t\t\t\t\t\t<p>The evenings are organized by different churches.<\/p><p><strong>\ud83d\udd4a\ufe0fAbend der Nationen<\/strong> mit Migrationskirchen: <strong>Mittwoch 19 \u2013 22 Uhr\u00a0<br \/><\/strong>\ud83c\udf74<strong>Dinner daily 5.30 PM<\/strong><\/p>\t\t\t\t\t\t\t\t<\/div>\n\t\t\t\t<\/div>\n\t\t\t\t<div class=\"elementor-element elementor-element-98e6481 elementor-hidden-desktop elementor-hidden-tablet elementor-hidden-mobile elementor-widget elementor-widget-text-editor\" data-id=\"98e6481\" data-element_type=\"widget\" data-e-type=\"widget\" data-widget_type=\"text-editor.default\">\n\t\t\t\t<div class=\"elementor-widget-container\">\n\t\t\t\t\t\t\t\t\t<p>The evenings are organized by different churches.<\/p><p class=\"translation-block\"><strong>\ud83d\udd4a\ufe0fEvening of the Nations<\/strong> with migration churches: <strong>Wednesday 7 - 10 pm <br>\u2728Youth Alliance: Friday 8 - 9:30 pm <br><\/strong><\/p><p>\ud83c\udf74<strong>Dinner daily 5.30 PM<\/strong><\/p>\t\t\t\t\t\t\t\t<\/div>\n\t\t\t\t<\/div>\n\t\t\t\t\t<\/div>\n\t\t<\/div>\n\t\t\t\t\t<\/div>\n\t\t<\/section>\n\t\t\t\t<section class=\"elementor-section elementor-top-section elementor-element elementor-element-046d22e elementor-section-boxed elementor-section-height-default elementor-section-height-default\" data-id=\"046d22e\" data-element_type=\"section\" data-e-type=\"section\" data-settings=\"{&quot;background_background&quot;:&quot;classic&quot;}\">\n\t\t\t\t\t\t\t<div class=\"elementor-background-overlay\"><\/div>\n\t\t\t\t\t\t\t<div class=\"elementor-container elementor-column-gap-default\">\n\t\t\t\t\t<div class=\"elementor-column elementor-col-100 elementor-top-column elementor-element elementor-element-d59ad8c\" data-id=\"d59ad8c\" data-element_type=\"column\" data-e-type=\"column\" data-settings=\"{&quot;background_background&quot;:&quot;classic&quot;}\">\n\t\t\t<div class=\"elementor-widget-wrap elementor-element-populated\">\n\t\t\t\t\t<div class=\"elementor-background-overlay\"><\/div>\n\t\t\t\t\t\t<div class=\"elementor-element elementor-element-c5ecc02 elementor-widget elementor-widget-text-editor\" data-id=\"c5ecc02\" data-element_type=\"widget\" data-e-type=\"widget\" data-widget_type=\"text-editor.default\">\n\t\t\t\t<div class=\"elementor-widget-container\">\n\t\t\t\t\t\t\t\t\t<p><strong>JOIN US!\ud83d\ude42\ud83c\udfb9\ud83c\udf70\ud83c\udfa4<\/strong><\/p><p class=\"translation-block\"><em><strong>We are looking for:<\/strong> Worship leaders (1 or 2 hour set) - <\/em><em>Technicians (sound, projector) <\/em><em>- Cafeteria supervisors <\/em><em>- Baking enthusiasts who bring cakes - Churches who cook dinners<\/em><\/p><p><strong>Please contact: <a href=\"javascript:secureDecryptAndNavigate('1qheWrfNgud5AYbSl+zpOJmFwhDYeXkAlBcj2PyA\/HaM2vUbDFlYZr1s38ikC7mVyky9lf8Ziv0J+Ge2dcCk2HcaVQBTkQ==', '301222bf224d767f281dcc03cb5b5d0e0ae415bc3d6f1588b42d0c640d22406c')\">&#97;g&#119;&#64;&#104;o&#112;b&#97;&#115;&#101;l&#46;&#99;&#104;<\/a><\/strong><\/p>\t\t\t\t\t\t\t\t<\/div>\n\t\t\t\t<\/div>\n\t\t\t\t<div class=\"elementor-element elementor-element-54217c8 elementor-align-justify elementor-widget__width-inherit elementor-widget elementor-widget-button\" data-id=\"54217c8\" data-element_type=\"widget\" data-e-type=\"widget\" data-widget_type=\"button.default\">\n\t\t\t\t<div class=\"elementor-widget-container\">\n\t\t\t\t\t\t\t\t\t<div class=\"elementor-button-wrapper\">\n\t\t\t\t\t<a class=\"elementor-button elementor-button-link elementor-size-md\" href=\"https:\/\/docs.google.com\/spreadsheets\/d\/1x0nu0GwhAspc_9v3eNBpTK5xNvFGFAFI5xnrgLLP2mw\/edit?usp=drive_link\" target=\"_blank\">\n\t\t\t\t\t\t<span class=\"elementor-button-content-wrapper\">\n\t\t\t\t\t\t\t\t\t<span class=\"elementor-button-text\">Click here to see the schedule<\/span>\n\t\t\t\t\t<\/span>\n\t\t\t\t\t<\/a>\n\t\t\t\t<\/div>\n\t\t\t\t\t\t\t\t<\/div>\n\t\t\t\t<\/div>\n\t\t\t\t\t<\/div>\n\t\t<\/div>\n\t\t\t\t\t<\/div>\n\t\t<\/section>\n\t\t\t\t<section class=\"elementor-section elementor-top-section elementor-element elementor-element-731470d elementor-section-boxed elementor-section-height-default elementor-section-height-default\" data-id=\"731470d\" data-element_type=\"section\" data-e-type=\"section\" data-settings=\"{&quot;background_background&quot;:&quot;classic&quot;}\">\n\t\t\t\t\t\t\t<div class=\"elementor-background-overlay\"><\/div>\n\t\t\t\t\t\t\t<div class=\"elementor-container elementor-column-gap-default\">\n\t\t\t\t\t<div class=\"elementor-column elementor-col-100 elementor-top-column elementor-element elementor-element-1b85a84\" data-id=\"1b85a84\" data-element_type=\"column\" data-e-type=\"column\">\n\t\t\t<div class=\"elementor-widget-wrap elementor-element-populated\">\n\t\t\t\t\t\t<div class=\"elementor-element elementor-element-048dead elementor-widget elementor-widget-text-editor\" data-id=\"048dead\" data-element_type=\"widget\" data-e-type=\"widget\" data-widget_type=\"text-editor.default\">\n\t\t\t\t<div class=\"elementor-widget-container\">\n\t\t\t\t\t\t\t\t\t<p><em>Coming and going possible at any time. Prayer topics according to the weekly program of the Swiss Evangelical Alliance. We are looking forward to a week together with you!<\/em><\/p>\t\t\t\t\t\t\t\t<\/div>\n\t\t\t\t<\/div>\n\t\t\t\t\t<\/div>\n\t\t<\/div>\n\t\t\t\t\t<\/div>\n\t\t<\/section>\n\t\t\t\t<section class=\"elementor-section elementor-top-section elementor-element elementor-element-d26c686 elementor-section-boxed elementor-section-height-default elementor-section-height-default\" data-id=\"d26c686\" data-element_type=\"section\" data-e-type=\"section\" data-settings=\"{&quot;background_background&quot;:&quot;classic&quot;}\">\n\t\t\t\t\t\t\t<div class=\"elementor-background-overlay\"><\/div>\n\t\t\t\t\t\t\t<div class=\"elementor-container elementor-column-gap-default\">\n\t\t\t\t\t<div class=\"elementor-column elementor-col-100 elementor-top-column elementor-element elementor-element-a47d7d2\" data-id=\"a47d7d2\" data-element_type=\"column\" data-e-type=\"column\">\n\t\t\t<div class=\"elementor-widget-wrap elementor-element-populated\">\n\t\t\t\t\t\t<div class=\"elementor-element elementor-element-db06655 elementor-widget elementor-widget-gallery\" data-id=\"db06655\" data-element_type=\"widget\" data-e-type=\"widget\" data-settings=\"{&quot;columns&quot;:2,&quot;gap&quot;:{&quot;unit&quot;:&quot;px&quot;,&quot;size&quot;:2,&quot;sizes&quot;:[]},&quot;gap_tablet&quot;:{&quot;unit&quot;:&quot;px&quot;,&quot;size&quot;:2,&quot;sizes&quot;:[]},&quot;gap_mobile&quot;:{&quot;unit&quot;:&quot;px&quot;,&quot;size&quot;:2,&quot;sizes&quot;:[]},&quot;gallery_layout&quot;:&quot;masonry&quot;,&quot;lazyload&quot;:&quot;yes&quot;,&quot;columns_tablet&quot;:2,&quot;columns_mobile&quot;:1,&quot;link_to&quot;:&quot;file&quot;,&quot;overlay_background&quot;:&quot;yes&quot;,&quot;content_hover_animation&quot;:&quot;fade-in&quot;}\" data-widget_type=\"gallery.default\">\n\t\t\t\t<div class=\"elementor-widget-container\">\n\t\t\t\t\t\t\t<div class=\"elementor-gallery__container\">\n\t\t\t\t\t\t\t<a class=\"e-gallery-item elementor-gallery-item elementor-animated-content\" href=\"https:\/\/www.hopbasel.ch\/wp-content\/uploads\/2025\/10\/AGW26-1.jpg\" data-elementor-open-lightbox=\"yes\" data-elementor-lightbox-slideshow=\"db06655\" data-elementor-lightbox-title=\"AGW26-1\" data-e-action-hash=\"#elementor-action%3Aaction%3Dlightbox%26settings%3DeyJpZCI6NzM4MSwidXJsIjoiaHR0cHM6XC9cL3d3dy5ob3BiYXNlbC5jaFwvd3AtY29udGVudFwvdXBsb2Fkc1wvMjAyNVwvMTBcL0FHVzI2LTEuanBnIiwic2xpZGVzaG93IjoiZGIwNjY1NSJ9\">\n\t\t\t\t\t<div class=\"e-gallery-image elementor-gallery-item__image\" data-thumbnail=\"https:\/\/www.hopbasel.ch\/wp-content\/uploads\/2025\/10\/AGW26-1.jpg\" data-width=\"2481\" data-height=\"1241\" aria-label=\"\" role=\"img\" ><\/div>\n\t\t\t\t\t\t\t\t\t\t\t<div class=\"elementor-gallery-item__overlay\"><\/div>\n\t\t\t\t\t\t\t\t\t\t\t\t\t\t<\/a>\n\t\t\t\t\t\t\t<a class=\"e-gallery-item elementor-gallery-item elementor-animated-content\" href=\"https:\/\/www.hopbasel.ch\/wp-content\/uploads\/2025\/10\/AGW26-2.jpg\" data-elementor-open-lightbox=\"yes\" data-elementor-lightbox-slideshow=\"db06655\" data-elementor-lightbox-title=\"AGW26-2\" data-e-action-hash=\"#elementor-action%3Aaction%3Dlightbox%26settings%3DeyJpZCI6NzM4MiwidXJsIjoiaHR0cHM6XC9cL3d3dy5ob3BiYXNlbC5jaFwvd3AtY29udGVudFwvdXBsb2Fkc1wvMjAyNVwvMTBcL0FHVzI2LTIuanBnIiwic2xpZGVzaG93IjoiZGIwNjY1NSJ9\">\n\t\t\t\t\t<div class=\"e-gallery-image elementor-gallery-item__image\" data-thumbnail=\"https:\/\/www.hopbasel.ch\/wp-content\/uploads\/2025\/10\/AGW26-2.jpg\" data-width=\"2481\" data-height=\"1241\" aria-label=\"\" role=\"img\" ><\/div>\n\t\t\t\t\t\t\t\t\t\t\t<div class=\"elementor-gallery-item__overlay\"><\/div>\n\t\t\t\t\t\t\t\t\t\t\t\t\t\t<\/a>\n\t\t\t\t\t\t\t<a class=\"e-gallery-item elementor-gallery-item elementor-animated-content\" href=\"https:\/\/www.hopbasel.ch\/wp-content\/uploads\/2025\/10\/AGW26-3.jpg\" data-elementor-open-lightbox=\"yes\" data-elementor-lightbox-slideshow=\"db06655\" data-elementor-lightbox-title=\"AGW26-3\" data-e-action-hash=\"#elementor-action%3Aaction%3Dlightbox%26settings%3DeyJpZCI6NzM4MywidXJsIjoiaHR0cHM6XC9cL3d3dy5ob3BiYXNlbC5jaFwvd3AtY29udGVudFwvdXBsb2Fkc1wvMjAyNVwvMTBcL0FHVzI2LTMuanBnIiwic2xpZGVzaG93IjoiZGIwNjY1NSJ9\">\n\t\t\t\t\t<div class=\"e-gallery-image elementor-gallery-item__image\" data-thumbnail=\"https:\/\/www.hopbasel.ch\/wp-content\/uploads\/2025\/10\/AGW26-3.jpg\" data-width=\"2481\" data-height=\"1241\" aria-label=\"\" role=\"img\" ><\/div>\n\t\t\t\t\t\t\t\t\t\t\t<div class=\"elementor-gallery-item__overlay\"><\/div>\n\t\t\t\t\t\t\t\t\t\t\t\t\t\t<\/a>\n\t\t\t\t\t\t\t<a class=\"e-gallery-item elementor-gallery-item elementor-animated-content\" href=\"https:\/\/www.hopbasel.ch\/wp-content\/uploads\/2025\/10\/AGW26-4.jpg\" data-elementor-open-lightbox=\"yes\" data-elementor-lightbox-slideshow=\"db06655\" data-elementor-lightbox-title=\"AGW26-4\" data-e-action-hash=\"#elementor-action%3Aaction%3Dlightbox%26settings%3DeyJpZCI6NzM4NCwidXJsIjoiaHR0cHM6XC9cL3d3dy5ob3BiYXNlbC5jaFwvd3AtY29udGVudFwvdXBsb2Fkc1wvMjAyNVwvMTBcL0FHVzI2LTQuanBnIiwic2xpZGVzaG93IjoiZGIwNjY1NSJ9\">\n\t\t\t\t\t<div class=\"e-gallery-image elementor-gallery-item__image\" data-thumbnail=\"https:\/\/www.hopbasel.ch\/wp-content\/uploads\/2025\/10\/AGW26-4.jpg\" data-width=\"2481\" data-height=\"1241\" aria-label=\"\" role=\"img\" ><\/div>\n\t\t\t\t\t\t\t\t\t\t\t<div class=\"elementor-gallery-item__overlay\"><\/div>\n\t\t\t\t\t\t\t\t\t\t\t\t\t\t<\/a>\n\t\t\t\t\t<\/div>\n\t\t\t\t\t<\/div>\n\t\t\t\t<\/div>\n\t\t\t\t\t<\/div>\n\t\t<\/div>\n\t\t\t\t\t<\/div>\n\t\t<\/section>\n\t\t\t\t<section class=\"elementor-section elementor-top-section elementor-element elementor-element-d564174 elementor-section-boxed elementor-section-height-default elementor-section-height-default\" data-id=\"d564174\" data-element_type=\"section\" data-e-type=\"section\" data-settings=\"{&quot;background_background&quot;:&quot;classic&quot;}\">\n\t\t\t\t\t\t<div class=\"elementor-container elementor-column-gap-default\">\n\t\t\t\t\t<div class=\"elementor-column elementor-col-100 elementor-top-column elementor-element elementor-element-5d2d41f\" data-id=\"5d2d41f\" data-element_type=\"column\" data-e-type=\"column\">\n\t\t\t<div class=\"elementor-widget-wrap elementor-element-populated\">\n\t\t\t\t\t\t<div class=\"elementor-element elementor-element-bb9b5bf elementor-widget elementor-widget-spacer\" data-id=\"bb9b5bf\" data-element_type=\"widget\" data-e-type=\"widget\" data-widget_type=\"spacer.default\">\n\t\t\t\t<div class=\"elementor-widget-container\">\n\t\t\t\t\t\t\t<div class=\"elementor-spacer\">\n\t\t\t<div class=\"elementor-spacer-inner\"><\/div>\n\t\t<\/div>\n\t\t\t\t\t\t<\/div>\n\t\t\t\t<\/div>\n\t\t\t\t\t<\/div>\n\t\t<\/div>\n\t\t\t\t\t<\/div>\n\t\t<\/section>\n\t\t\t\t<\/div>","protected":false},"excerpt":{"rendered":"<p>Allianzgebetswoche 2026 Z\u00e4mme f\u00fcr Basel12. bis 17. Januar 2026 Er\u00f6ffnung: Montag 19 \u2013 21 UhrAbschluss: Samstag 19 \u2013 21 UhrGe\u00f6ffnet: Dienstag bis Freitag 06 \u2013 22 Uhr. \/ Samstag 06 \u2013 21 Uhr. \u2013 Fr\u00fchgebet 06 -07 Uhr\u2013 Mittagsgebet 12 \u2013 13 Uhr\u2013 Abendveranstaltungen 19 \u2013 21 Uhr Die Abende werden von verschiedenen Gemeinden gestaltet. [&hellip;]<\/p>\n","protected":false},"author":4,"featured_media":0,"parent":0,"menu_order":0,"comment_status":"closed","ping_status":"closed","template":"","meta":{"footnotes":""},"class_list":["post-7314","page","type-page","status-publish","hentry"],"_links":{"self":[{"href":"https:\/\/www.hopbasel.ch\/en\/wp-json\/wp\/v2\/pages\/7314","targetHints":{"allow":["GET"]}}],"collection":[{"href":"https:\/\/www.hopbasel.ch\/en\/wp-json\/wp\/v2\/pages"}],"about":[{"href":"https:\/\/www.hopbasel.ch\/en\/wp-json\/wp\/v2\/types\/page"}],"author":[{"embeddable":true,"href":"https:\/\/www.hopbasel.ch\/en\/wp-json\/wp\/v2\/users\/4"}],"replies":[{"embeddable":true,"href":"https:\/\/www.hopbasel.ch\/en\/wp-json\/wp\/v2\/comments?post=7314"}],"version-history":[{"count":43,"href":"https:\/\/www.hopbasel.ch\/en\/wp-json\/wp\/v2\/pages\/7314\/revisions"}],"predecessor-version":[{"id":7531,"href":"https:\/\/www.hopbasel.ch\/en\/wp-json\/wp\/v2\/pages\/7314\/revisions\/7531"}],"wp:attachment":[{"href":"https:\/\/www.hopbasel.ch\/en\/wp-json\/wp\/v2\/media?parent=7314"}],"curies":[{"name":"wp","href":"https:\/\/api.w.org\/{rel}","templated":true}]}}