{"id":71,"date":"2019-07-20T18:21:13","date_gmt":"2019-07-20T16:21:13","guid":{"rendered":"https:\/\/beta.hopbasel.ch\/?page_id=71"},"modified":"2026-01-23T10:28:41","modified_gmt":"2026-01-23T09:28:41","slug":"vision","status":"publish","type":"page","link":"https:\/\/www.hopbasel.ch\/en\/ueber-uns\/vision\/","title":{"rendered":"Vision"},"content":{"rendered":"<div data-elementor-type=\"wp-post\" data-elementor-id=\"71\" class=\"elementor elementor-71\" data-elementor-post-type=\"page\">\n\t\t\t\t\t\t<section class=\"elementor-section elementor-top-section elementor-element elementor-element-fbf12f2 elementor-section-boxed elementor-section-height-default elementor-section-height-default\" data-id=\"fbf12f2\" data-element_type=\"section\" data-e-type=\"section\">\n\t\t\t\t\t\t<div class=\"elementor-container elementor-column-gap-default\">\n\t\t\t\t\t<div class=\"elementor-column elementor-col-100 elementor-top-column elementor-element elementor-element-6c86930\" data-id=\"6c86930\" data-element_type=\"column\" data-e-type=\"column\">\n\t\t\t<div class=\"elementor-widget-wrap elementor-element-populated\">\n\t\t\t\t\t\t<div class=\"elementor-element elementor-element-f5498c4 elementor-widget elementor-widget-text-editor\" data-id=\"f5498c4\" data-element_type=\"widget\" data-e-type=\"widget\" data-widget_type=\"text-editor.default\">\n\t\t\t\t<div class=\"elementor-widget-container\">\n\t\t\t\t\t\t\t\t\t<section class=\"entry-content\"><p style=\"text-align: left;\">We want to see places where heaven and earth meet; where God dwells with his presence and where worship and prayer never cease. That is why we are creating a space for worshipping God in Basel, where we love and praise him day and night and pray for the fulfillment of his plans.<\/p><\/section>\t\t\t\t\t\t\t\t<\/div>\n\t\t\t\t<\/div>\n\t\t\t\t\t<\/div>\n\t\t<\/div>\n\t\t\t\t\t<\/div>\n\t\t<\/section>\n\t\t\t\t<section class=\"elementor-section elementor-top-section elementor-element elementor-element-ebc4113 elementor-section-boxed elementor-section-height-default elementor-section-height-default\" data-id=\"ebc4113\" data-element_type=\"section\" data-e-type=\"section\" data-settings=\"{&quot;background_background&quot;:&quot;classic&quot;}\">\n\t\t\t\t\t\t<div class=\"elementor-container elementor-column-gap-default\">\n\t\t\t\t\t<div class=\"elementor-column elementor-col-100 elementor-top-column elementor-element elementor-element-4017e20\" data-id=\"4017e20\" data-element_type=\"column\" data-e-type=\"column\">\n\t\t\t<div class=\"elementor-widget-wrap elementor-element-populated\">\n\t\t\t\t\t\t<div class=\"elementor-element elementor-element-dc1d5d4 elementor-widget elementor-widget-text-editor\" data-id=\"dc1d5d4\" data-element_type=\"widget\" data-e-type=\"widget\" data-widget_type=\"text-editor.default\">\n\t\t\t\t<div class=\"elementor-widget-container\">\n\t\t\t\t\t\t\t\t\t<ul><li><em>Because we believe that God is worthy.<br \/><br \/><\/em><\/li><li><em>We believe that God longs for encounters with us and that he wants us to experience his unconditional love.<br \/><br \/><\/em><\/li><li><em>We believe that we are liberated, renewed and transformed in deep fellowship with Jesus and with each other.<br \/><br \/><\/em><\/li><li><em>And we believe and rejoice that as part of his church we can be in partnership with God and that through our prayers he will change the Basel region, Switzerland and the world with his healing power.<\/em><\/li><\/ul>\t\t\t\t\t\t\t\t<\/div>\n\t\t\t\t<\/div>\n\t\t\t\t\t<\/div>\n\t\t<\/div>\n\t\t\t\t\t<\/div>\n\t\t<\/section>\n\t\t\t\t<section class=\"elementor-section elementor-top-section elementor-element elementor-element-03f9bda elementor-section-boxed elementor-section-height-default elementor-section-height-default\" data-id=\"03f9bda\" data-element_type=\"section\" data-e-type=\"section\">\n\t\t\t\t\t\t<div class=\"elementor-container elementor-column-gap-default\">\n\t\t\t\t\t<div class=\"elementor-column elementor-col-100 elementor-top-column elementor-element elementor-element-c314e29\" data-id=\"c314e29\" data-element_type=\"column\" data-e-type=\"column\">\n\t\t\t<div class=\"elementor-widget-wrap elementor-element-populated\">\n\t\t\t\t\t\t<div class=\"elementor-element elementor-element-943917e elementor-widget-divider--view-line elementor-widget elementor-widget-divider\" data-id=\"943917e\" data-element_type=\"widget\" data-e-type=\"widget\" data-widget_type=\"divider.default\">\n\t\t\t\t<div class=\"elementor-widget-container\">\n\t\t\t\t\t\t\t<div class=\"elementor-divider\">\n\t\t\t<span class=\"elementor-divider-separator\">\n\t\t\t\t\t\t<\/span>\n\t\t<\/div>\n\t\t\t\t\t\t<\/div>\n\t\t\t\t<\/div>\n\t\t\t\t\t<\/div>\n\t\t<\/div>\n\t\t\t\t\t<\/div>\n\t\t<\/section>\n\t\t\t\t<\/div>","protected":false},"excerpt":{"rendered":"<p>Wir wollen Orte sehen, an denen sich Himmel und Erde ber\u00fchren; wo Gott mit seiner Gegenwart wohnt und wo Anbetung und Gebet nicht mehr aufh\u00f6ren. Deshalb schaffen wir in Basel einen Raum der Anbetung Gottes, wo wir ihn Tag und Nacht lieben und loben und f\u00fcr die Erf\u00fcllung seiner Pl\u00e4ne beten. Denn wir glauben, dass [&hellip;]<\/p>\n","protected":false},"author":4,"featured_media":0,"parent":55,"menu_order":1,"comment_status":"closed","ping_status":"closed","template":"","meta":{"footnotes":""},"class_list":["post-71","page","type-page","status-publish","hentry"],"_links":{"self":[{"href":"https:\/\/www.hopbasel.ch\/en\/wp-json\/wp\/v2\/pages\/71","targetHints":{"allow":["GET"]}}],"collection":[{"href":"https:\/\/www.hopbasel.ch\/en\/wp-json\/wp\/v2\/pages"}],"about":[{"href":"https:\/\/www.hopbasel.ch\/en\/wp-json\/wp\/v2\/types\/page"}],"author":[{"embeddable":true,"href":"https:\/\/www.hopbasel.ch\/en\/wp-json\/wp\/v2\/users\/4"}],"replies":[{"embeddable":true,"href":"https:\/\/www.hopbasel.ch\/en\/wp-json\/wp\/v2\/comments?post=71"}],"version-history":[{"count":90,"href":"https:\/\/www.hopbasel.ch\/en\/wp-json\/wp\/v2\/pages\/71\/revisions"}],"predecessor-version":[{"id":7589,"href":"https:\/\/www.hopbasel.ch\/en\/wp-json\/wp\/v2\/pages\/71\/revisions\/7589"}],"up":[{"embeddable":true,"href":"https:\/\/www.hopbasel.ch\/en\/wp-json\/wp\/v2\/pages\/55"}],"wp:attachment":[{"href":"https:\/\/www.hopbasel.ch\/en\/wp-json\/wp\/v2\/media?parent=71"}],"curies":[{"name":"wp","href":"https:\/\/api.w.org\/{rel}","templated":true}]}}