{"id":65,"date":"2019-07-20T16:30:17","date_gmt":"2019-07-20T14:30:17","guid":{"rendered":"https:\/\/beta.hopbasel.ch\/?page_id=65"},"modified":"2025-06-07T11:54:19","modified_gmt":"2025-06-07T09:54:19","slug":"faq","status":"publish","type":"page","link":"https:\/\/www.hopbasel.ch\/en\/faq\/","title":{"rendered":"FAQ"},"content":{"rendered":"<div data-elementor-type=\"wp-page\" data-elementor-id=\"65\" class=\"elementor elementor-65\" data-elementor-post-type=\"page\">\n\t\t\t\t\t\t<section class=\"elementor-section elementor-top-section elementor-element elementor-element-1aa3218 elementor-section-boxed elementor-section-height-default elementor-section-height-default\" data-id=\"1aa3218\" data-element_type=\"section\" data-e-type=\"section\">\n\t\t\t\t\t\t<div class=\"elementor-container elementor-column-gap-default\">\n\t\t\t\t\t<div class=\"elementor-column elementor-col-100 elementor-top-column elementor-element elementor-element-54b19d1\" data-id=\"54b19d1\" data-element_type=\"column\" data-e-type=\"column\">\n\t\t\t<div class=\"elementor-widget-wrap elementor-element-populated\">\n\t\t\t\t\t\t<div class=\"elementor-element elementor-element-7ac51b3 elementor-widget elementor-widget-accordion\" data-id=\"7ac51b3\" data-element_type=\"widget\" data-e-type=\"widget\" data-widget_type=\"accordion.default\">\n\t\t\t\t<div class=\"elementor-widget-container\">\n\t\t\t\t\t\t\t<div class=\"elementor-accordion\">\n\t\t\t\t\t\t\t<div class=\"elementor-accordion-item\">\n\t\t\t\t\t<div id=\"elementor-tab-title-1281\" class=\"elementor-tab-title\" data-tab=\"1\" role=\"button\" aria-controls=\"elementor-tab-content-1281\" aria-expanded=\"false\">\n\t\t\t\t\t\t\t\t\t\t\t\t\t<span class=\"elementor-accordion-icon elementor-accordion-icon-left\" aria-hidden=\"true\">\n\t\t\t\t\t\t\t\t\t\t\t\t\t\t\t<span class=\"elementor-accordion-icon-closed\"><i class=\"fas fa-angle-right\"><\/i><\/span>\n\t\t\t\t\t\t\t\t<span class=\"elementor-accordion-icon-opened\"><i class=\"fas fa-angle-down\"><\/i><\/span>\n\t\t\t\t\t\t\t\t\t\t\t\t\t\t<\/span>\n\t\t\t\t\t\t\t\t\t\t\t\t<a class=\"elementor-accordion-title\" tabindex=\"0\">General<\/a>\n\t\t\t\t\t<\/div>\n\t\t\t\t\t<div id=\"elementor-tab-content-1281\" class=\"elementor-tab-content elementor-clearfix\" data-tab=\"1\" role=\"region\" aria-labelledby=\"elementor-tab-title-1281\"><p>\t\t<div data-elementor-type=\"section\" data-elementor-id=\"1606\" class=\"elementor elementor-1606\" data-elementor-post-type=\"elementor_library\">\n\t\t\t\t\t<section class=\"elementor-section elementor-top-section elementor-element elementor-element-0688a83 elementor-section-boxed elementor-section-height-default elementor-section-height-default\" data-id=\"0688a83\" data-element_type=\"section\" data-e-type=\"section\">\n\t\t\t\t\t\t<div class=\"elementor-container elementor-column-gap-default\">\n\t\t\t\t\t<div class=\"elementor-column elementor-col-100 elementor-top-column elementor-element elementor-element-56a37c1\" data-id=\"56a37c1\" data-element_type=\"column\" data-e-type=\"column\">\n\t\t\t<div class=\"elementor-widget-wrap elementor-element-populated\">\n\t\t\t\t\t\t<div class=\"elementor-element elementor-element-6b8470e elementor-widget elementor-widget-text-editor\" data-id=\"6b8470e\" data-element_type=\"widget\" data-e-type=\"widget\" data-widget_type=\"text-editor.default\">\n\t\t\t\t<div class=\"elementor-widget-container\">\n\t\t\t\t\t\t\t\t\t<p><strong>What times are suitable for a first visit? <br \/><\/strong>Check the <a href=\"https:\/\/www.hopbasel.ch\/en\/gebetsraum\/set-kalender\/\">Prayer Room Calender<\/a> to see what prayer topics are available and what times a band is playing. For more information about the different sets, see <a href=\"https:\/\/www.hopbasel.ch\/en\/ueber-uns\/gebetshaus\/\">Prayer Room<\/a><strong>.<br \/><\/strong><\/p><p class=\"translation-block\"><strong>Do I have to register if I want to come to the House of Prayer?<br><\/strong>\nNo, you can come and go at any time during <a href=\"https:\/\/www.hopbasel.ch\/en\/gebetsraum\/oeffnungszeiten\/\" target=\"_self\">opening hours<\/a>.<\/p><p><strong>Can I visit the House of Prayer with a group?<br \/><\/strong>Yes, groups can come and go at any time. If you are a larger group and are coming for lunch or dinner, a reservation would be helpful. If you are interested in a guided tour, you can <a href=\"https:\/\/www.hopbasel.ch\/en\/kontakt\/\">contact<\/a> us.<strong><br \/><\/strong><\/p><p><strong>Is there parking near hop Basel? <br \/><\/strong>See <a href=\"https:\/\/www.hopbasel.ch\/en\/kontakt\/\">contact &amp; directions<\/a>.<\/p><p><strong>Are the premises accessible by wheelchair? <\/strong><em><br \/><\/em>There are stairs in front of the hop. However, two rails can be put down, which makes it possible to go up and down with a wheelchair. There is a lift in the building.<\/p><p><strong>Can I take my dog with me?<\/strong><em><br \/><\/em>No, dogs are not allowed.<\/p><p><strong>Can I come to the House of Prayer with my (small) children?<br \/><\/strong>Yes, children are welcome in the prayer house. Next to the prayer room there is a small play corner with books and toys. <strong><br \/><\/strong><\/p>\t\t\t\t\t\t\t\t<\/div>\n\t\t\t\t<\/div>\n\t\t\t\t\t<\/div>\n\t\t<\/div>\n\t\t\t\t\t<\/div>\n\t\t<\/section>\n\t\t\t\t<\/div>\n\t\t<\/p><\/div>\n\t\t\t\t<\/div>\n\t\t\t\t\t\t\t<div class=\"elementor-accordion-item\">\n\t\t\t\t\t<div id=\"elementor-tab-title-1282\" class=\"elementor-tab-title\" data-tab=\"2\" role=\"button\" aria-controls=\"elementor-tab-content-1282\" aria-expanded=\"false\">\n\t\t\t\t\t\t\t\t\t\t\t\t\t<span class=\"elementor-accordion-icon elementor-accordion-icon-left\" aria-hidden=\"true\">\n\t\t\t\t\t\t\t\t\t\t\t\t\t\t\t<span class=\"elementor-accordion-icon-closed\"><i class=\"fas fa-angle-right\"><\/i><\/span>\n\t\t\t\t\t\t\t\t<span class=\"elementor-accordion-icon-opened\"><i class=\"fas fa-angle-down\"><\/i><\/span>\n\t\t\t\t\t\t\t\t\t\t\t\t\t\t<\/span>\n\t\t\t\t\t\t\t\t\t\t\t\t<a class=\"elementor-accordion-title\" tabindex=\"0\">Prayer Room<\/a>\n\t\t\t\t\t<\/div>\n\t\t\t\t\t<div id=\"elementor-tab-content-1282\" class=\"elementor-tab-content elementor-clearfix\" data-tab=\"2\" role=\"region\" aria-labelledby=\"elementor-tab-title-1282\"><p>\t\t<div data-elementor-type=\"section\" data-elementor-id=\"1613\" class=\"elementor elementor-1613\" data-elementor-post-type=\"elementor_library\">\n\t\t\t\t\t<section class=\"elementor-section elementor-top-section elementor-element elementor-element-712aef3 elementor-section-boxed elementor-section-height-default elementor-section-height-default\" data-id=\"712aef3\" data-element_type=\"section\" data-e-type=\"section\">\n\t\t\t\t\t\t<div class=\"elementor-container elementor-column-gap-default\">\n\t\t\t\t\t<div class=\"elementor-column elementor-col-100 elementor-top-column elementor-element elementor-element-8d86c62\" data-id=\"8d86c62\" data-element_type=\"column\" data-e-type=\"column\">\n\t\t\t<div class=\"elementor-widget-wrap elementor-element-populated\">\n\t\t\t\t\t\t<div class=\"elementor-element elementor-element-2e4e6af elementor-widget elementor-widget-text-editor\" data-id=\"2e4e6af\" data-element_type=\"widget\" data-e-type=\"widget\" data-widget_type=\"text-editor.default\">\n\t\t\t\t<div class=\"elementor-widget-container\">\n\t\t\t\t\t\t\t\t\t<p><strong>Where can I find out more about the program in the prayer room?<\/strong><em><br \/><\/em>You can find the current program in the <a href=\"https:\/\/www.hopbasel.ch\/en\/gebetsraum\/set-kalender\/\">Prayer Room Calender<\/a>. Under <a href=\"https:\/\/www.hopbasel.ch\/en\/veranstaltungen\/\">Events<\/a> and <a href=\"https:\/\/www.hopbasel.ch\/en\/gebetsraum\/spezielle-angebote\/\">Special Sessions<\/a> you can check which events will take place in the near future and learn more about various offers.<\/p><p class=\"translation-block\"><strong>Is there a quiet place where I can retreat to if it is too noisy for me?<br><\/strong>\nThere is a <a href=\"https:\/\/www.hopbasel.ch\/en\/ueber-uns\/gebetshaus\/\" target=\"_self\">Silent Room<\/a> on the 3rd basement floor where you can find peace and silence before God.<\/p>\t\t\t\t\t\t\t\t<\/div>\n\t\t\t\t<\/div>\n\t\t\t\t\t<\/div>\n\t\t<\/div>\n\t\t\t\t\t<\/div>\n\t\t<\/section>\n\t\t\t\t<\/div>\n\t\t<\/p><\/div>\n\t\t\t\t<\/div>\n\t\t\t\t\t\t\t<div class=\"elementor-accordion-item\">\n\t\t\t\t\t<div id=\"elementor-tab-title-1283\" class=\"elementor-tab-title\" data-tab=\"3\" role=\"button\" aria-controls=\"elementor-tab-content-1283\" aria-expanded=\"false\">\n\t\t\t\t\t\t\t\t\t\t\t\t\t<span class=\"elementor-accordion-icon elementor-accordion-icon-left\" aria-hidden=\"true\">\n\t\t\t\t\t\t\t\t\t\t\t\t\t\t\t<span class=\"elementor-accordion-icon-closed\"><i class=\"fas fa-angle-right\"><\/i><\/span>\n\t\t\t\t\t\t\t\t<span class=\"elementor-accordion-icon-opened\"><i class=\"fas fa-angle-down\"><\/i><\/span>\n\t\t\t\t\t\t\t\t\t\t\t\t\t\t<\/span>\n\t\t\t\t\t\t\t\t\t\t\t\t<a class=\"elementor-accordion-title\" tabindex=\"0\">Taste&amp;See<\/a>\n\t\t\t\t\t<\/div>\n\t\t\t\t\t<div id=\"elementor-tab-content-1283\" class=\"elementor-tab-content elementor-clearfix\" data-tab=\"3\" role=\"region\" aria-labelledby=\"elementor-tab-title-1283\"><p>\t\t<div data-elementor-type=\"section\" data-elementor-id=\"1616\" class=\"elementor elementor-1616\" data-elementor-post-type=\"elementor_library\">\n\t\t\t\t\t<section class=\"elementor-section elementor-top-section elementor-element elementor-element-19165d4 elementor-section-boxed elementor-section-height-default elementor-section-height-default\" data-id=\"19165d4\" data-element_type=\"section\" data-e-type=\"section\">\n\t\t\t\t\t\t<div class=\"elementor-container elementor-column-gap-default\">\n\t\t\t\t\t<div class=\"elementor-column elementor-col-100 elementor-top-column elementor-element elementor-element-d384e06\" data-id=\"d384e06\" data-element_type=\"column\" data-e-type=\"column\">\n\t\t\t<div class=\"elementor-widget-wrap elementor-element-populated\">\n\t\t\t\t\t\t<div class=\"elementor-element elementor-element-c0b9365 elementor-widget elementor-widget-text-editor\" data-id=\"c0b9365\" data-element_type=\"widget\" data-e-type=\"widget\" data-widget_type=\"text-editor.default\">\n\t\t\t\t<div class=\"elementor-widget-container\">\n\t\t\t\t\t\t\t\t\t<p><strong>What does the cafeteria of hop Basel offer? <br \/><\/strong>The cafeteria is a place for fellowship and exchange. During the <a href=\"https:\/\/www.hopbasel.ch\/en\/gebetsraum\/cafeteria\/\">opening hours of Taste&amp;See<\/a>, unserer bedienten Cafeteria, kann man Desserts, Tees, Cappuccinos und weiteres geniessen. Zu den weiteren \u00d6ffnungszeiten des hop Basels ist die Cafeteria in Selbstbedienung offen.<\/p><p><strong>Are the offers of the cafeteria free of charge? <\/strong><em><br \/><\/em>We would be grateful for a contribution towards the cost of coffee, drinks and food.<\/p><p><strong>Are there any lunches\/dinners?<\/strong><em><br \/><\/em>Once a month we offer a dinner. The current dates are in the <a href=\"https:\/\/www.hopbasel.ch\/en\/gebetsraum\/cafeteria\/\">Taste&amp;See calender<\/a>.<\/p>\t\t\t\t\t\t\t\t<\/div>\n\t\t\t\t<\/div>\n\t\t\t\t\t<\/div>\n\t\t<\/div>\n\t\t\t\t\t<\/div>\n\t\t<\/section>\n\t\t\t\t<\/div>\n\t\t<\/p><\/div>\n\t\t\t\t<\/div>\n\t\t\t\t\t\t\t<div class=\"elementor-accordion-item\">\n\t\t\t\t\t<div id=\"elementor-tab-title-1284\" class=\"elementor-tab-title\" data-tab=\"4\" role=\"button\" aria-controls=\"elementor-tab-content-1284\" aria-expanded=\"false\">\n\t\t\t\t\t\t\t\t\t\t\t\t\t<span class=\"elementor-accordion-icon elementor-accordion-icon-left\" aria-hidden=\"true\">\n\t\t\t\t\t\t\t\t\t\t\t\t\t\t\t<span class=\"elementor-accordion-icon-closed\"><i class=\"fas fa-angle-right\"><\/i><\/span>\n\t\t\t\t\t\t\t\t<span class=\"elementor-accordion-icon-opened\"><i class=\"fas fa-angle-down\"><\/i><\/span>\n\t\t\t\t\t\t\t\t\t\t\t\t\t\t<\/span>\n\t\t\t\t\t\t\t\t\t\t\t\t<a class=\"elementor-accordion-title\" tabindex=\"0\">Spiritual background<\/a>\n\t\t\t\t\t<\/div>\n\t\t\t\t\t<div id=\"elementor-tab-content-1284\" class=\"elementor-tab-content elementor-clearfix\" data-tab=\"4\" role=\"region\" aria-labelledby=\"elementor-tab-title-1284\"><p>\t\t<div data-elementor-type=\"section\" data-elementor-id=\"1610\" class=\"elementor elementor-1610\" data-elementor-post-type=\"elementor_library\">\n\t\t\t\t\t<section class=\"elementor-section elementor-top-section elementor-element elementor-element-d484c80 elementor-section-boxed elementor-section-height-default elementor-section-height-default\" data-id=\"d484c80\" data-element_type=\"section\" data-e-type=\"section\">\n\t\t\t\t\t\t<div class=\"elementor-container elementor-column-gap-default\">\n\t\t\t\t\t<div class=\"elementor-column elementor-col-100 elementor-top-column elementor-element elementor-element-acf2dfc\" data-id=\"acf2dfc\" data-element_type=\"column\" data-e-type=\"column\">\n\t\t\t<div class=\"elementor-widget-wrap elementor-element-populated\">\n\t\t\t\t\t\t<div class=\"elementor-element elementor-element-66755d9 elementor-widget elementor-widget-text-editor\" data-id=\"66755d9\" data-element_type=\"widget\" data-e-type=\"widget\" data-widget_type=\"text-editor.default\">\n\t\t\t\t<div class=\"elementor-widget-container\">\n\t\t\t\t\t\t\t\t\t<p><strong>Is hop Basel a church?<br \/><\/strong>No, it is not a church.<\/p><p><strong>Which denomination does hop Basel belong to?<\/strong><em><br \/><\/em>The hop Basel does not belong to any denomination, but is cross-denominational.<\/p><p><strong><span class=\"im\">For whom is the House of Prayer open?<\/span><br \/><\/strong>The House of Prayer is open to all people, and coming and going is possible at any time.<strong>.<br \/><\/strong><\/p>\t\t\t\t\t\t\t\t<\/div>\n\t\t\t\t<\/div>\n\t\t\t\t\t<\/div>\n\t\t<\/div>\n\t\t\t\t\t<\/div>\n\t\t<\/section>\n\t\t\t\t<\/div>\n\t\t<\/p><\/div>\n\t\t\t\t<\/div>\n\t\t\t\t\t\t\t<div class=\"elementor-accordion-item\">\n\t\t\t\t\t<div id=\"elementor-tab-title-1285\" class=\"elementor-tab-title\" data-tab=\"5\" role=\"button\" aria-controls=\"elementor-tab-content-1285\" aria-expanded=\"false\">\n\t\t\t\t\t\t\t\t\t\t\t\t\t<span class=\"elementor-accordion-icon elementor-accordion-icon-left\" aria-hidden=\"true\">\n\t\t\t\t\t\t\t\t\t\t\t\t\t\t\t<span class=\"elementor-accordion-icon-closed\"><i class=\"fas fa-angle-right\"><\/i><\/span>\n\t\t\t\t\t\t\t\t<span class=\"elementor-accordion-icon-opened\"><i class=\"fas fa-angle-down\"><\/i><\/span>\n\t\t\t\t\t\t\t\t\t\t\t\t\t\t<\/span>\n\t\t\t\t\t\t\t\t\t\t\t\t<a class=\"elementor-accordion-title\" tabindex=\"0\">Become involved<\/a>\n\t\t\t\t\t<\/div>\n\t\t\t\t\t<div id=\"elementor-tab-content-1285\" class=\"elementor-tab-content elementor-clearfix\" data-tab=\"5\" role=\"region\" aria-labelledby=\"elementor-tab-title-1285\"><p>\t\t<div data-elementor-type=\"section\" data-elementor-id=\"1623\" class=\"elementor elementor-1623\" data-elementor-post-type=\"elementor_library\">\n\t\t\t\t\t<section class=\"elementor-section elementor-top-section elementor-element elementor-element-cbb550f elementor-section-boxed elementor-section-height-default elementor-section-height-default\" data-id=\"cbb550f\" data-element_type=\"section\" data-e-type=\"section\">\n\t\t\t\t\t\t<div class=\"elementor-container elementor-column-gap-default\">\n\t\t\t\t\t<div class=\"elementor-column elementor-col-100 elementor-top-column elementor-element elementor-element-8addc4d\" data-id=\"8addc4d\" data-element_type=\"column\" data-e-type=\"column\">\n\t\t\t<div class=\"elementor-widget-wrap elementor-element-populated\">\n\t\t\t\t\t\t<div class=\"elementor-element elementor-element-6a16c16 elementor-widget elementor-widget-text-editor\" data-id=\"6a16c16\" data-element_type=\"widget\" data-e-type=\"widget\" data-widget_type=\"text-editor.default\">\n\t\t\t\t<div class=\"elementor-widget-container\">\n\t\t\t\t\t\t\t\t\t<p><strong>In what ways can I get involved in hop Basel?<br \/><\/strong>There are many different areas where you can get involved. For example, in the cafeteria, in technology, in beaming, in worship, etc. You can find out more about the various opportunities at the hop intro evenings.<\/p><p><strong>Where\/who do I have to contact if I would like to participate?<\/strong><em><br \/><\/em><a href=\"https:\/\/www.hopbasel.ch\/en\/mitarbeit-unterstuetzung\/mitarbeiter-werden\/\">Here<\/a> you can register for the intro evenings.<\/p><p><strong>What is hop Intro?<br \/><\/strong>It is an introduction to the history and vision of the House of Prayer and consists of four evenings for anyone who is interested in the House of Prayer or would like to join.<\/p>\t\t\t\t\t\t\t\t<\/div>\n\t\t\t\t<\/div>\n\t\t\t\t\t<\/div>\n\t\t<\/div>\n\t\t\t\t\t<\/div>\n\t\t<\/section>\n\t\t\t\t<\/div>\n\t\t<\/p><\/div>\n\t\t\t\t<\/div>\n\t\t\t\t\t\t\t<div class=\"elementor-accordion-item\">\n\t\t\t\t\t<div id=\"elementor-tab-title-1286\" class=\"elementor-tab-title\" data-tab=\"6\" role=\"button\" aria-controls=\"elementor-tab-content-1286\" aria-expanded=\"false\">\n\t\t\t\t\t\t\t\t\t\t\t\t\t<span class=\"elementor-accordion-icon elementor-accordion-icon-left\" aria-hidden=\"true\">\n\t\t\t\t\t\t\t\t\t\t\t\t\t\t\t<span class=\"elementor-accordion-icon-closed\"><i class=\"fas fa-angle-right\"><\/i><\/span>\n\t\t\t\t\t\t\t\t<span class=\"elementor-accordion-icon-opened\"><i class=\"fas fa-angle-down\"><\/i><\/span>\n\t\t\t\t\t\t\t\t\t\t\t\t\t\t<\/span>\n\t\t\t\t\t\t\t\t\t\t\t\t<a class=\"elementor-accordion-title\" tabindex=\"0\">Funding\/financial support<\/a>\n\t\t\t\t\t<\/div>\n\t\t\t\t\t<div id=\"elementor-tab-content-1286\" class=\"elementor-tab-content elementor-clearfix\" data-tab=\"6\" role=\"region\" aria-labelledby=\"elementor-tab-title-1286\"><p>\t\t<div data-elementor-type=\"section\" data-elementor-id=\"1626\" class=\"elementor elementor-1626\" data-elementor-post-type=\"elementor_library\">\n\t\t\t\t\t<section class=\"elementor-section elementor-top-section elementor-element elementor-element-411dc62 elementor-section-boxed elementor-section-height-default elementor-section-height-default\" data-id=\"411dc62\" data-element_type=\"section\" data-e-type=\"section\">\n\t\t\t\t\t\t<div class=\"elementor-container elementor-column-gap-default\">\n\t\t\t\t\t<div class=\"elementor-column elementor-col-100 elementor-top-column elementor-element elementor-element-626bd7c\" data-id=\"626bd7c\" data-element_type=\"column\" data-e-type=\"column\">\n\t\t\t<div class=\"elementor-widget-wrap elementor-element-populated\">\n\t\t\t\t\t\t<div class=\"elementor-element elementor-element-4a478fe elementor-widget elementor-widget-text-editor\" data-id=\"4a478fe\" data-element_type=\"widget\" data-e-type=\"widget\" data-widget_type=\"text-editor.default\">\n\t\t\t\t<div class=\"elementor-widget-container\">\n\t\t\t\t\t\t\t\t\t<p><strong>How is hop Basel financed?<br \/><\/strong>hop Basel is a non-profit association that is supported by donations.<\/p><p><strong>Can I support hop Basel financially?<\/strong><em><br \/><\/em>You can find more information under <a href=\"https:\/\/www.hopbasel.ch\/en\/mitarbeit-unterstuetzung\/spenden\/\">Donations<\/a> and <a href=\"https:\/\/www.hopbasel.ch\/en\/mitarbeit-unterstuetzung\/partner-werden\/\">Partner\/Investor<\/a>.<\/p><p><strong>What will my donations be used for?<br \/><\/strong>The donations will be used according to the purpose of the association or, if desired, credited to a specific area or project.<\/p><p><strong>How can I deduct my donations from my taxes?<\/strong><br \/>We send a donation confirmation at the beginning of the following year, which is valid as proof for Swiss taxes. Donation confirmations cannot be issued for cash payments.<\/p>\t\t\t\t\t\t\t\t<\/div>\n\t\t\t\t<\/div>\n\t\t\t\t\t<\/div>\n\t\t<\/div>\n\t\t\t\t\t<\/div>\n\t\t<\/section>\n\t\t\t\t<\/div>\n\t\t<\/p><\/div>\n\t\t\t\t<\/div>\n\t\t\t\t\t\t\t\t<\/div>\n\t\t\t\t\t\t<\/div>\n\t\t\t\t<\/div>\n\t\t\t\t\t<\/div>\n\t\t<\/div>\n\t\t\t\t\t<\/div>\n\t\t<\/section>\n\t\t\t\t<section class=\"elementor-section elementor-top-section elementor-element elementor-element-9b005e8 elementor-section-boxed elementor-section-height-default elementor-section-height-default\" data-id=\"9b005e8\" data-element_type=\"section\" data-e-type=\"section\">\n\t\t\t\t\t\t<div class=\"elementor-container elementor-column-gap-default\">\n\t\t\t\t\t<div class=\"elementor-column elementor-col-100 elementor-top-column elementor-element elementor-element-a33a4b4\" data-id=\"a33a4b4\" data-element_type=\"column\" data-e-type=\"column\">\n\t\t\t<div class=\"elementor-widget-wrap elementor-element-populated\">\n\t\t\t\t\t\t<div class=\"elementor-element elementor-element-473a5cc elementor-widget elementor-widget-spacer\" data-id=\"473a5cc\" data-element_type=\"widget\" data-e-type=\"widget\" data-widget_type=\"spacer.default\">\n\t\t\t\t<div class=\"elementor-widget-container\">\n\t\t\t\t\t\t\t<div class=\"elementor-spacer\">\n\t\t\t<div class=\"elementor-spacer-inner\"><\/div>\n\t\t<\/div>\n\t\t\t\t\t\t<\/div>\n\t\t\t\t<\/div>\n\t\t\t\t\t<\/div>\n\t\t<\/div>\n\t\t\t\t\t<\/div>\n\t\t<\/section>\n\t\t\t\t<\/div>","protected":false},"excerpt":{"rendered":"<p>Allgemein Welche Zeiten sind f\u00fcr einen ersten Besuch geeignet? Im Gebetsraum-Kalender kannst du nachschauen, was es f\u00fcr Gebetsthemen gibt und zu welchen Zeiten eine Band spielt. Weitere Informationen zu den verschiedenen Sets findest du unter Gebetsraum. Muss ich mich anmelden, wenn ich ins Gebetshaus kommen m\u00f6chte?Nein, du kannst w\u00e4hrend den \u00d6ffnungszeiten jederzeit kommen und gehen. [&hellip;]<\/p>\n","protected":false},"author":4,"featured_media":0,"parent":0,"menu_order":0,"comment_status":"closed","ping_status":"closed","template":"","meta":{"footnotes":""},"class_list":["post-65","page","type-page","status-publish","hentry"],"_links":{"self":[{"href":"https:\/\/www.hopbasel.ch\/en\/wp-json\/wp\/v2\/pages\/65","targetHints":{"allow":["GET"]}}],"collection":[{"href":"https:\/\/www.hopbasel.ch\/en\/wp-json\/wp\/v2\/pages"}],"about":[{"href":"https:\/\/www.hopbasel.ch\/en\/wp-json\/wp\/v2\/types\/page"}],"author":[{"embeddable":true,"href":"https:\/\/www.hopbasel.ch\/en\/wp-json\/wp\/v2\/users\/4"}],"replies":[{"embeddable":true,"href":"https:\/\/www.hopbasel.ch\/en\/wp-json\/wp\/v2\/comments?post=65"}],"version-history":[{"count":21,"href":"https:\/\/www.hopbasel.ch\/en\/wp-json\/wp\/v2\/pages\/65\/revisions"}],"predecessor-version":[{"id":7199,"href":"https:\/\/www.hopbasel.ch\/en\/wp-json\/wp\/v2\/pages\/65\/revisions\/7199"}],"wp:attachment":[{"href":"https:\/\/www.hopbasel.ch\/en\/wp-json\/wp\/v2\/media?parent=65"}],"curies":[{"name":"wp","href":"https:\/\/api.w.org\/{rel}","templated":true}]}}