{"id":103,"date":"2019-07-22T11:01:09","date_gmt":"2019-07-22T09:01:09","guid":{"rendered":"https:\/\/beta.hopbasel.ch\/?page_id=103"},"modified":"2025-03-29T11:11:05","modified_gmt":"2025-03-29T10:11:05","slug":"spenden","status":"publish","type":"page","link":"https:\/\/www.hopbasel.ch\/en\/mitarbeit-unterstuetzung\/spenden\/","title":{"rendered":"Donations"},"content":{"rendered":"<div data-elementor-type=\"wp-post\" data-elementor-id=\"103\" class=\"elementor elementor-103\" data-elementor-post-type=\"page\">\n\t\t\t\t\t\t<section class=\"elementor-section elementor-top-section elementor-element elementor-element-9c70296 elementor-section-boxed elementor-section-height-default elementor-section-height-default\" data-id=\"9c70296\" data-element_type=\"section\" data-e-type=\"section\">\n\t\t\t\t\t\t<div class=\"elementor-container elementor-column-gap-extended\">\n\t\t\t\t\t<div class=\"elementor-column elementor-col-100 elementor-top-column elementor-element elementor-element-e541105\" data-id=\"e541105\" data-element_type=\"column\" data-e-type=\"column\">\n\t\t\t<div class=\"elementor-widget-wrap elementor-element-populated\">\n\t\t\t\t\t\t<div class=\"elementor-element elementor-element-c3de35f elementor-widget elementor-widget-text-editor\" data-id=\"c3de35f\" data-element_type=\"widget\" data-e-type=\"widget\" data-widget_type=\"text-editor.default\">\n\t\t\t\t<div class=\"elementor-widget-container\">\n\t\t\t\t\t\t\t\t\t<p><span style=\"font-weight: 400;\">hop Basel is supported by donations. We are deeply grateful for this. Whether the costs for heating, electricity, employees, repairs, musical instruments or cafeteria maintenance, etc. - everything is made possible by the generosity of people. Would you also like to invest in this common place of worship and prayer?\u00a0<\/span><\/p>\t\t\t\t\t\t\t\t<\/div>\n\t\t\t\t<\/div>\n\t\t\t\t<div class=\"elementor-element elementor-element-e8cf2b7 elementor-widget elementor-widget-menu-anchor\" data-id=\"e8cf2b7\" data-element_type=\"widget\" data-e-type=\"widget\" data-widget_type=\"menu-anchor.default\">\n\t\t\t\t<div class=\"elementor-widget-container\">\n\t\t\t\t\t\t\t<div class=\"elementor-menu-anchor\" id=\"Bankverbindung\"><\/div>\n\t\t\t\t\t\t<\/div>\n\t\t\t\t<\/div>\n\t\t\t\t<section class=\"elementor-section elementor-inner-section elementor-element elementor-element-b3d47e3 elementor-section-full_width elementor-reverse-tablet elementor-reverse-mobile elementor-section-height-default elementor-section-height-default\" data-id=\"b3d47e3\" data-element_type=\"section\" data-e-type=\"section\" data-settings=\"{&quot;background_background&quot;:&quot;classic&quot;}\">\n\t\t\t\t\t\t<div class=\"elementor-container elementor-column-gap-default\">\n\t\t\t\t\t<div class=\"elementor-column elementor-col-50 elementor-inner-column elementor-element elementor-element-7435194\" data-id=\"7435194\" data-element_type=\"column\" data-e-type=\"column\">\n\t\t\t<div class=\"elementor-widget-wrap elementor-element-populated\">\n\t\t\t\t\t\t<div class=\"elementor-element elementor-element-30afd6a elementor-hidden-desktop elementor-hidden-tablet elementor-widget elementor-widget-image\" data-id=\"30afd6a\" data-element_type=\"widget\" data-e-type=\"widget\" data-widget_type=\"image.default\">\n\t\t\t\t<div class=\"elementor-widget-container\">\n\t\t\t\t\t\t\t\t\t\t\t\t\t\t\t\t<a href=\"https:\/\/www.hopbasel.ch\/wp-content\/uploads\/2023\/06\/QR_Rechnung_hop_allgemein-Webseite.jpg\" data-elementor-open-lightbox=\"yes\" data-elementor-lightbox-title=\"QR-Rechnung\" data-e-action-hash=\"#elementor-action%3Aaction%3Dlightbox%26settings%3DeyJpZCI6NTQ4OSwidXJsIjoiaHR0cHM6XC9cL3d3dy5ob3BiYXNlbC5jaFwvd3AtY29udGVudFwvdXBsb2Fkc1wvMjAyM1wvMDZcL1FSX1JlY2hudW5nX2hvcF9hbGxnZW1laW4tV2Vic2VpdGUuanBnIn0%3D\">\n\t\t\t\t\t\t\t<img fetchpriority=\"high\" decoding=\"async\" width=\"2480\" height=\"1239\" src=\"https:\/\/www.hopbasel.ch\/wp-content\/uploads\/2023\/06\/QR_Rechnung_hop_allgemein-Webseite.jpg\" class=\"attachment-full size-full wp-image-5489\" alt=\"\" srcset=\"https:\/\/www.hopbasel.ch\/wp-content\/uploads\/2023\/06\/QR_Rechnung_hop_allgemein-Webseite.jpg 2480w, https:\/\/www.hopbasel.ch\/wp-content\/uploads\/2023\/06\/QR_Rechnung_hop_allgemein-Webseite-300x150.jpg 300w, https:\/\/www.hopbasel.ch\/wp-content\/uploads\/2023\/06\/QR_Rechnung_hop_allgemein-Webseite-1024x512.jpg 1024w, https:\/\/www.hopbasel.ch\/wp-content\/uploads\/2023\/06\/QR_Rechnung_hop_allgemein-Webseite-768x384.jpg 768w, https:\/\/www.hopbasel.ch\/wp-content\/uploads\/2023\/06\/QR_Rechnung_hop_allgemein-Webseite-1536x767.jpg 1536w, https:\/\/www.hopbasel.ch\/wp-content\/uploads\/2023\/06\/QR_Rechnung_hop_allgemein-Webseite-2048x1023.jpg 2048w, https:\/\/www.hopbasel.ch\/wp-content\/uploads\/2023\/06\/QR_Rechnung_hop_allgemein-Webseite-18x9.jpg 18w\" sizes=\"(max-width: 2480px) 100vw, 2480px\" \/>\t\t\t\t\t\t\t\t<\/a>\n\t\t\t\t\t\t\t\t\t\t\t\t\t\t\t<\/div>\n\t\t\t\t<\/div>\n\t\t\t\t<div class=\"elementor-element elementor-element-8ee58b8 elementor-widget elementor-widget-text-editor\" data-id=\"8ee58b8\" data-element_type=\"widget\" data-e-type=\"widget\" data-widget_type=\"text-editor.default\">\n\t\t\t\t<div class=\"elementor-widget-container\">\n\t\t\t\t\t\t\t\t\t<p><span style=\"font-weight: 400;\">The donations will only be used for the purpose of the association. If you have a specific purpose in mind for your donation, you can indicate this during the donation process under Note\/Comment. Possible options are:<\/span><\/p><ul><li class=\"translation-block\"><b><a href=\"\/\/www.hopbasel.ch\/en\/spenden\/#Bankverbindung\u201d\" rel=\"\u201cnoopener\u201d\" target=\"\u201c_self\u201d\">General donation<\/a> Geb\u00e4tshuus<\/b><span> \u2013 so that God is worshipped and his value is reflected and people feel comfortable.<br><\/span><\/li><li class=\"translation-block\"><a href=\"\/\/www.hopbasel.ch\/en\/partner\/#angestellte\u201d\" target=\"\u201c_blank\u201d\" rel=\"\u201cnoopener\u201d\"><b>Our employees<\/b><\/a><span> \u2013 so that people can be set free in their calling and ministry and thus serve others. (Please enter name of employee)<\/span><\/li><li class=\"translation-block\"><a href=\"\/\/www.hopbasel.ch\/en\/partner\/#projekte\u201d\" target=\"\u201c_blank\u201d\" rel=\"\u201cnoopener\u201d\"><b>Current projects<\/b><\/a><span> \u2013 so that larger, necessary investments can be made thanks to a financial boost. (Please enter project name) <\/span><\/li><\/ul><p class=\"translation-block\"><span> <br>You can either make a <a href=\"\/\/www.hopbasel.ch\/en\/spenden\/#Bankverbindung\u201d\" target=\"\u201c_self\u201d\">bank transfer<\/a> or donate via Twint, credit card and other  <a href=\"\/\/donate.raisenow.io\/cyppt?lng=en&amp;analytics.channel=button\u201d\" target=\"\u201c_blank\u201d\" rel=\"\u201cnoopener\u201d\">online payment methods<\/a> via the website.<\/span><\/p><p><strong>Good to know:<\/strong> Donations can be deducted from taxable income in Switzerland. We send the donation confirmation at the beginning of the following year.<\/p>\t\t\t\t\t\t\t\t<\/div>\n\t\t\t\t<\/div>\n\t\t\t\t\t<\/div>\n\t\t<\/div>\n\t\t\t\t<div class=\"elementor-column elementor-col-50 elementor-inner-column elementor-element elementor-element-72ad1c4\" data-id=\"72ad1c4\" data-element_type=\"column\" data-e-type=\"column\" data-settings=\"{&quot;background_background&quot;:&quot;classic&quot;}\">\n\t\t\t<div class=\"elementor-widget-wrap elementor-element-populated\">\n\t\t\t\t\t\t<div class=\"elementor-element elementor-element-73cccb6 elementor-widget elementor-widget-heading\" data-id=\"73cccb6\" data-element_type=\"widget\" data-e-type=\"widget\" data-widget_type=\"heading.default\">\n\t\t\t\t<div class=\"elementor-widget-container\">\n\t\t\t\t\t<h3 class=\"elementor-heading-title elementor-size-default\">Bank details<\/h3>\t\t\t\t<\/div>\n\t\t\t\t<\/div>\n\t\t\t\t<div class=\"elementor-element elementor-element-4b890a2 elementor-widget elementor-widget-text-editor\" data-id=\"4b890a2\" data-element_type=\"widget\" data-e-type=\"widget\" data-widget_type=\"text-editor.default\">\n\t\t\t\t<div class=\"elementor-widget-container\">\n\t\t\t\t\t\t\t\t\t<p>Basler Kantonalbank, Postfach<br \/>CH-4002 Basel<\/p>\t\t\t\t\t\t\t\t<\/div>\n\t\t\t\t<\/div>\n\t\t\t\t<div class=\"elementor-element elementor-element-27fe388 elementor-widget elementor-widget-text-editor\" data-id=\"27fe388\" data-element_type=\"widget\" data-e-type=\"widget\" data-widget_type=\"text-editor.default\">\n\t\t\t\t<div class=\"elementor-widget-container\">\n\t\t\t\t\t\t\t\t\t<p>IBAN CH14 0077 0253 1724 3200 1<br \/>Swift<strong>\u00a0<\/strong>BKBBCHBB<\/p>\t\t\t\t\t\t\t\t<\/div>\n\t\t\t\t<\/div>\n\t\t\t\t<div class=\"elementor-element elementor-element-3ae9883 elementor-widget elementor-widget-text-editor\" data-id=\"3ae9883\" data-element_type=\"widget\" data-e-type=\"widget\" data-widget_type=\"text-editor.default\">\n\t\t\t\t<div class=\"elementor-widget-container\">\n\t\t\t\t\t\t\t\t\t<p>Sitz Verein hop Basel<br \/>Hofmattstrasse 14<br \/>4104 Oberwil<\/p>\t\t\t\t\t\t\t\t<\/div>\n\t\t\t\t<\/div>\n\t\t\t\t<div class=\"elementor-element elementor-element-82420b7 elementor-align-justify elementor-tablet-align-justify elementor-widget__width-inherit elementor-widget-tablet__width-inherit elementor-widget elementor-widget-button\" data-id=\"82420b7\" data-element_type=\"widget\" data-e-type=\"widget\" data-widget_type=\"button.default\">\n\t\t\t\t<div class=\"elementor-widget-container\">\n\t\t\t\t\t\t\t\t\t<div class=\"elementor-button-wrapper\">\n\t\t\t\t\t<a class=\"elementor-button elementor-button-link elementor-size-sm\" href=\"https:\/\/www.hopbasel.ch\/wp-content\/uploads\/2023\/08\/QR_Rechnung_hop-allgemeine-Spende.pdf\" target=\"_blank\">\n\t\t\t\t\t\t<span class=\"elementor-button-content-wrapper\">\n\t\t\t\t\t\t\t\t\t<span class=\"elementor-button-text\">QR-Einzahlungsschein PDF<\/span>\n\t\t\t\t\t<\/span>\n\t\t\t\t\t<\/a>\n\t\t\t\t<\/div>\n\t\t\t\t\t\t\t\t<\/div>\n\t\t\t\t<\/div>\n\t\t\t\t<div class=\"elementor-element elementor-element-1f65260 elementor-align-justify elementor-widget__width-inherit elementor-widget elementor-widget-button\" data-id=\"1f65260\" data-element_type=\"widget\" data-e-type=\"widget\" data-no-translation=\"\" data-widget_type=\"button.default\">\n\t\t\t\t<div class=\"elementor-widget-container\">\n\t\t\t\t\t<style>.elementor-element-1f65260{display:none !important}<\/style>\t\t\t\t<\/div>\n\t\t\t\t<\/div>\n\t\t\t\t<div class=\"elementor-element elementor-element-3bba1da elementor-align-justify elementor-widget__width-inherit elementor-widget elementor-widget-button\" data-id=\"3bba1da\" data-element_type=\"widget\" data-e-type=\"widget\" data-no-translation=\"\" data-widget_type=\"button.default\">\n\t\t\t\t<div class=\"elementor-widget-container\">\n\t\t\t\t\t\t\t\t\t<div class=\"elementor-button-wrapper\">\n\t\t\t\t\t<a class=\"elementor-button elementor-button-link elementor-size-md\" href=\"https:\/\/donate.raisenow.io\/cyppt?lng=en&#038;analytics.channel=button\" target=\"_blank\">\n\t\t\t\t\t\t<span class=\"elementor-button-content-wrapper\">\n\t\t\t\t\t\t\t\t\t<span class=\"elementor-button-text\">donate online<\/span>\n\t\t\t\t\t<\/span>\n\t\t\t\t\t<\/a>\n\t\t\t\t<\/div>\n\t\t\t\t\t\t\t\t<\/div>\n\t\t\t\t<\/div>\n\t\t\t\t<div class=\"elementor-element elementor-element-06a7254 elementor-widget__width-initial elementor-widget elementor-widget-image\" data-id=\"06a7254\" data-element_type=\"widget\" data-e-type=\"widget\" data-widget_type=\"image.default\">\n\t\t\t\t<div class=\"elementor-widget-container\">\n\t\t\t\t\t\t\t\t\t\t\t\t\t\t\t<img decoding=\"async\" width=\"400\" height=\"172\" src=\"https:\/\/www.hopbasel.ch\/wp-content\/uploads\/2021\/02\/kk-21zu9.png\" class=\"attachment-full size-full wp-image-3216\" alt=\"\" srcset=\"https:\/\/www.hopbasel.ch\/wp-content\/uploads\/2021\/02\/kk-21zu9.png 400w, https:\/\/www.hopbasel.ch\/wp-content\/uploads\/2021\/02\/kk-21zu9-300x129.png 300w, https:\/\/www.hopbasel.ch\/wp-content\/uploads\/2021\/02\/kk-21zu9-16x7.png 16w\" sizes=\"(max-width: 400px) 100vw, 400px\" \/>\t\t\t\t\t\t\t\t\t\t\t\t\t\t\t<\/div>\n\t\t\t\t<\/div>\n\t\t\t\t<div class=\"elementor-element elementor-element-6a1667c elementor-widget__width-initial elementor-widget elementor-widget-image\" data-id=\"6a1667c\" data-element_type=\"widget\" data-e-type=\"widget\" data-widget_type=\"image.default\">\n\t\t\t\t<div class=\"elementor-widget-container\">\n\t\t\t\t\t\t\t\t\t\t\t\t\t\t\t<img decoding=\"async\" width=\"400\" height=\"171\" src=\"https:\/\/www.hopbasel.ch\/wp-content\/uploads\/2021\/02\/twint-21zu9.png\" class=\"attachment-full size-full wp-image-3219\" alt=\"\" srcset=\"https:\/\/www.hopbasel.ch\/wp-content\/uploads\/2021\/02\/twint-21zu9.png 400w, https:\/\/www.hopbasel.ch\/wp-content\/uploads\/2021\/02\/twint-21zu9-300x128.png 300w, https:\/\/www.hopbasel.ch\/wp-content\/uploads\/2021\/02\/twint-21zu9-16x7.png 16w\" sizes=\"(max-width: 400px) 100vw, 400px\" \/>\t\t\t\t\t\t\t\t\t\t\t\t\t\t\t<\/div>\n\t\t\t\t<\/div>\n\t\t\t\t<div class=\"elementor-element elementor-element-de588e1 elementor-widget__width-initial elementor-widget elementor-widget-image\" data-id=\"de588e1\" data-element_type=\"widget\" data-e-type=\"widget\" data-widget_type=\"image.default\">\n\t\t\t\t<div class=\"elementor-widget-container\">\n\t\t\t\t\t\t\t\t\t\t\t\t\t\t\t<img loading=\"lazy\" decoding=\"async\" width=\"400\" height=\"171\" src=\"https:\/\/www.hopbasel.ch\/wp-content\/uploads\/2021\/02\/pp-21zu9.png\" class=\"attachment-full size-full wp-image-3218\" alt=\"\" srcset=\"https:\/\/www.hopbasel.ch\/wp-content\/uploads\/2021\/02\/pp-21zu9.png 400w, https:\/\/www.hopbasel.ch\/wp-content\/uploads\/2021\/02\/pp-21zu9-300x128.png 300w, https:\/\/www.hopbasel.ch\/wp-content\/uploads\/2021\/02\/pp-21zu9-16x7.png 16w\" sizes=\"(max-width: 400px) 100vw, 400px\" \/>\t\t\t\t\t\t\t\t\t\t\t\t\t\t\t<\/div>\n\t\t\t\t<\/div>\n\t\t\t\t\t<\/div>\n\t\t<\/div>\n\t\t\t\t\t<\/div>\n\t\t<\/section>\n\t\t\t\t<div class=\"elementor-element elementor-element-5a1a094 elementor-hidden-mobile elementor-widget elementor-widget-image\" data-id=\"5a1a094\" data-element_type=\"widget\" data-e-type=\"widget\" data-widget_type=\"image.default\">\n\t\t\t\t<div class=\"elementor-widget-container\">\n\t\t\t\t\t\t\t\t\t\t\t\t\t\t\t\t<a href=\"https:\/\/www.hopbasel.ch\/wp-content\/uploads\/2023\/06\/QR_Rechnung_hop_allgemein-Webseite.jpg\" data-elementor-open-lightbox=\"yes\" data-elementor-lightbox-title=\"QR-Rechnung\" data-e-action-hash=\"#elementor-action%3Aaction%3Dlightbox%26settings%3DeyJpZCI6NTQ4OSwidXJsIjoiaHR0cHM6XC9cL3d3dy5ob3BiYXNlbC5jaFwvd3AtY29udGVudFwvdXBsb2Fkc1wvMjAyM1wvMDZcL1FSX1JlY2hudW5nX2hvcF9hbGxnZW1laW4tV2Vic2VpdGUuanBnIn0%3D\">\n\t\t\t\t\t\t\t<img fetchpriority=\"high\" decoding=\"async\" width=\"2480\" height=\"1239\" src=\"https:\/\/www.hopbasel.ch\/wp-content\/uploads\/2023\/06\/QR_Rechnung_hop_allgemein-Webseite.jpg\" class=\"attachment-full size-full wp-image-5489\" alt=\"\" srcset=\"https:\/\/www.hopbasel.ch\/wp-content\/uploads\/2023\/06\/QR_Rechnung_hop_allgemein-Webseite.jpg 2480w, https:\/\/www.hopbasel.ch\/wp-content\/uploads\/2023\/06\/QR_Rechnung_hop_allgemein-Webseite-300x150.jpg 300w, https:\/\/www.hopbasel.ch\/wp-content\/uploads\/2023\/06\/QR_Rechnung_hop_allgemein-Webseite-1024x512.jpg 1024w, https:\/\/www.hopbasel.ch\/wp-content\/uploads\/2023\/06\/QR_Rechnung_hop_allgemein-Webseite-768x384.jpg 768w, https:\/\/www.hopbasel.ch\/wp-content\/uploads\/2023\/06\/QR_Rechnung_hop_allgemein-Webseite-1536x767.jpg 1536w, https:\/\/www.hopbasel.ch\/wp-content\/uploads\/2023\/06\/QR_Rechnung_hop_allgemein-Webseite-2048x1023.jpg 2048w, https:\/\/www.hopbasel.ch\/wp-content\/uploads\/2023\/06\/QR_Rechnung_hop_allgemein-Webseite-18x9.jpg 18w\" sizes=\"(max-width: 2480px) 100vw, 2480px\" \/>\t\t\t\t\t\t\t\t<\/a>\n\t\t\t\t\t\t\t\t\t\t\t\t\t\t\t<\/div>\n\t\t\t\t<\/div>\n\t\t\t\t\t<\/div>\n\t\t<\/div>\n\t\t\t\t\t<\/div>\n\t\t<\/section>\n\t\t\t\t<section class=\"elementor-section elementor-top-section elementor-element elementor-element-c261ab8 elementor-section-boxed elementor-section-height-default elementor-section-height-default\" data-id=\"c261ab8\" data-element_type=\"section\" data-e-type=\"section\">\n\t\t\t\t\t\t<div class=\"elementor-container elementor-column-gap-default\">\n\t\t\t\t\t<div class=\"elementor-column elementor-col-100 elementor-top-column elementor-element elementor-element-db3979b\" data-id=\"db3979b\" data-element_type=\"column\" data-e-type=\"column\">\n\t\t\t<div class=\"elementor-widget-wrap elementor-element-populated\">\n\t\t\t\t\t\t<div class=\"elementor-element elementor-element-531a8a9 elementor-widget-divider--view-line elementor-widget elementor-widget-divider\" data-id=\"531a8a9\" data-element_type=\"widget\" data-e-type=\"widget\" data-widget_type=\"divider.default\">\n\t\t\t\t<div class=\"elementor-widget-container\">\n\t\t\t\t\t\t\t<div class=\"elementor-divider\">\n\t\t\t<span class=\"elementor-divider-separator\">\n\t\t\t\t\t\t<\/span>\n\t\t<\/div>\n\t\t\t\t\t\t<\/div>\n\t\t\t\t<\/div>\n\t\t\t\t\t<\/div>\n\t\t<\/div>\n\t\t\t\t\t<\/div>\n\t\t<\/section>\n\t\t\t\t<section class=\"elementor-section elementor-top-section elementor-element elementor-element-b569e81 elementor-hidden-mobile elementor-section-boxed elementor-section-height-default elementor-section-height-default\" data-id=\"b569e81\" data-element_type=\"section\" data-e-type=\"section\">\n\t\t\t\t\t\t<div class=\"elementor-container elementor-column-gap-default\">\n\t\t\t\t\t<div class=\"elementor-column elementor-col-100 elementor-top-column elementor-element elementor-element-84b0b91\" data-id=\"84b0b91\" data-element_type=\"column\" data-e-type=\"column\">\n\t\t\t<div class=\"elementor-widget-wrap elementor-element-populated\">\n\t\t\t\t\t\t<div class=\"elementor-element elementor-element-d926b6a elementor-hidden-tablet elementor-hidden-phone elementor-widget elementor-widget-spacer\" data-id=\"d926b6a\" data-element_type=\"widget\" data-e-type=\"widget\" data-widget_type=\"spacer.default\">\n\t\t\t\t<div class=\"elementor-widget-container\">\n\t\t\t\t\t\t\t<div class=\"elementor-spacer\">\n\t\t\t<div class=\"elementor-spacer-inner\"><\/div>\n\t\t<\/div>\n\t\t\t\t\t\t<\/div>\n\t\t\t\t<\/div>\n\t\t\t\t\t<\/div>\n\t\t<\/div>\n\t\t\t\t\t<\/div>\n\t\t<\/section>\n\t\t\t\t<section class=\"elementor-section elementor-top-section elementor-element elementor-element-d66ef3f elementor-hidden-desktop elementor-hidden-tablet elementor-hidden-mobile elementor-section-boxed elementor-section-height-default elementor-section-height-default\" data-id=\"d66ef3f\" data-element_type=\"section\" data-e-type=\"section\">\n\t\t\t\t\t\t<div class=\"elementor-container elementor-column-gap-default\">\n\t\t\t\t\t<div class=\"elementor-column elementor-col-100 elementor-top-column elementor-element elementor-element-ff19a99\" data-id=\"ff19a99\" data-element_type=\"column\" data-e-type=\"column\">\n\t\t\t<div class=\"elementor-widget-wrap elementor-element-populated\">\n\t\t\t\t\t\t<div class=\"elementor-element elementor-element-74c546b elementor-widget-divider--view-line elementor-widget elementor-widget-divider\" data-id=\"74c546b\" data-element_type=\"widget\" data-e-type=\"widget\" data-widget_type=\"divider.default\">\n\t\t\t\t<div class=\"elementor-widget-container\">\n\t\t\t\t\t\t\t<div class=\"elementor-divider\">\n\t\t\t<span class=\"elementor-divider-separator\">\n\t\t\t\t\t\t<\/span>\n\t\t<\/div>\n\t\t\t\t\t\t<\/div>\n\t\t\t\t<\/div>\n\t\t\t\t\t<\/div>\n\t\t<\/div>\n\t\t\t\t\t<\/div>\n\t\t<\/section>\n\t\t\t\t<\/div>","protected":false},"excerpt":{"rendered":"<p>Das hop Basel wird durch Spenden getragen. Wir empfinden daf\u00fcr eine tiefe Dankbarkeit. Ob die Kosten f\u00fcr die Heizung, den Strom, die Angestellten, Reparaturen, f\u00fcr Musikinstrumente oder den Cafeteria-Unterhalt, etc. \u2013\u00a0Alles wird durch die Grossz\u00fcgigkeit von Menschen erm\u00f6glicht. M\u00f6chtest auch du in diesen gemeinsamen Ort der Anbetung und des Gebets investieren?\u00a0 Die Spendengelder werden nur [&hellip;]<\/p>\n","protected":false},"author":4,"featured_media":0,"parent":61,"menu_order":2,"comment_status":"closed","ping_status":"closed","template":"","meta":{"footnotes":""},"class_list":["post-103","page","type-page","status-publish","hentry"],"_links":{"self":[{"href":"https:\/\/www.hopbasel.ch\/en\/wp-json\/wp\/v2\/pages\/103","targetHints":{"allow":["GET"]}}],"collection":[{"href":"https:\/\/www.hopbasel.ch\/en\/wp-json\/wp\/v2\/pages"}],"about":[{"href":"https:\/\/www.hopbasel.ch\/en\/wp-json\/wp\/v2\/types\/page"}],"author":[{"embeddable":true,"href":"https:\/\/www.hopbasel.ch\/en\/wp-json\/wp\/v2\/users\/4"}],"replies":[{"embeddable":true,"href":"https:\/\/www.hopbasel.ch\/en\/wp-json\/wp\/v2\/comments?post=103"}],"version-history":[{"count":358,"href":"https:\/\/www.hopbasel.ch\/en\/wp-json\/wp\/v2\/pages\/103\/revisions"}],"predecessor-version":[{"id":7053,"href":"https:\/\/www.hopbasel.ch\/en\/wp-json\/wp\/v2\/pages\/103\/revisions\/7053"}],"up":[{"embeddable":true,"href":"https:\/\/www.hopbasel.ch\/en\/wp-json\/wp\/v2\/pages\/61"}],"wp:attachment":[{"href":"https:\/\/www.hopbasel.ch\/en\/wp-json\/wp\/v2\/media?parent=103"}],"curies":[{"name":"wp","href":"https:\/\/api.w.org\/{rel}","templated":true}]}}