{"id":101,"date":"2019-07-22T11:00:44","date_gmt":"2019-07-22T09:00:44","guid":{"rendered":"https:\/\/beta.hopbasel.ch\/?page_id=101"},"modified":"2024-12-30T17:42:50","modified_gmt":"2024-12-30T16:42:50","slug":"mitarbeiter-werden","status":"publish","type":"page","link":"https:\/\/www.hopbasel.ch\/en\/mitarbeit-unterstuetzung\/mitarbeiter-werden\/","title":{"rendered":"hopINTRO and staff"},"content":{"rendered":"<div data-elementor-type=\"wp-post\" data-elementor-id=\"101\" class=\"elementor elementor-101\" data-elementor-post-type=\"page\">\n\t\t\t\t\t\t<section class=\"elementor-section elementor-top-section elementor-element elementor-element-d9a0989 elementor-section-boxed elementor-section-height-default elementor-section-height-default\" data-id=\"d9a0989\" data-element_type=\"section\" data-e-type=\"section\">\n\t\t\t\t\t\t<div class=\"elementor-container elementor-column-gap-default\">\n\t\t\t\t\t<div class=\"elementor-column elementor-col-100 elementor-top-column elementor-element elementor-element-b9b0ed5\" data-id=\"b9b0ed5\" data-element_type=\"column\" data-e-type=\"column\">\n\t\t\t<div class=\"elementor-widget-wrap elementor-element-populated\">\n\t\t\t\t\t\t<div class=\"elementor-element elementor-element-15fb8d5 elementor-widget elementor-widget-text-editor\" data-id=\"15fb8d5\" data-element_type=\"widget\" data-e-type=\"widget\" data-widget_type=\"text-editor.default\">\n\t\t\t\t<div class=\"elementor-widget-container\">\n\t\t\t\t\t\t\t\t\t<p class=\"translation-block\">Are you enthusiastic or interested in what you have heard and experienced so far from hop Basel? Would you like to find out more or become part of it? Then start with our <strong>hopINTRO<\/strong>. A four-evening starter course for anyone who is interested in the House of Prayer or would like to join.<\/p><p class=\"translation-block\"><strong>1st evening<\/strong>: Anyone can come! The aim is to get to know hop Basel.\n<br><strong>2nd, 3rd &amp; 4th evening:<\/strong> For all those who are considering working at hop Basel or are still thinking about it. On these evenings we will equip you around the topics of prayer, worship, knowing God, identity, etc. and get to know each other better.<\/p><p>You can take part in a single evening or up to four evenings. It's best to simply register here for the 1st evening. You will receive all further information and dates on this evening. In principle, however, the other evenings will usually follow each other every 2 weeks.<\/p>\t\t\t\t\t\t\t\t<\/div>\n\t\t\t\t<\/div>\n\t\t\t\t\t<\/div>\n\t\t<\/div>\n\t\t\t\t\t<\/div>\n\t\t<\/section>\n\t\t\t\t<section class=\"elementor-section elementor-top-section elementor-element elementor-element-037cf0c elementor-section-boxed elementor-section-height-default elementor-section-height-default\" data-id=\"037cf0c\" data-element_type=\"section\" data-e-type=\"section\">\n\t\t\t\t\t\t<div class=\"elementor-container elementor-column-gap-default\">\n\t\t\t\t\t<div class=\"elementor-column elementor-col-100 elementor-top-column elementor-element elementor-element-72ea3fd\" data-id=\"72ea3fd\" data-element_type=\"column\" data-e-type=\"column\">\n\t\t\t<div class=\"elementor-widget-wrap elementor-element-populated\">\n\t\t\t\t\t\t<div class=\"elementor-element elementor-element-5eaf21d elementor-align-center elementor-widget elementor-widget-button\" data-id=\"5eaf21d\" data-element_type=\"widget\" data-e-type=\"widget\" data-widget_type=\"button.default\">\n\t\t\t\t<div class=\"elementor-widget-container\">\n\t\t\t\t\t\t\t\t\t<div class=\"elementor-button-wrapper\">\n\t\t\t\t\t<a class=\"elementor-button elementor-button-link elementor-size-sm\" href=\"https:\/\/hopbasel.elvanto.eu\/form\/e35c02c3-24a2-49c7-b028-b62961aaa544\" target=\"_blank\">\n\t\t\t\t\t\t<span class=\"elementor-button-content-wrapper\">\n\t\t\t\t\t\t\t\t\t<span class=\"elementor-button-text\">Register here<\/span>\n\t\t\t\t\t<\/span>\n\t\t\t\t\t<\/a>\n\t\t\t\t<\/div>\n\t\t\t\t\t\t\t\t<\/div>\n\t\t\t\t<\/div>\n\t\t\t\t\t<\/div>\n\t\t<\/div>\n\t\t\t\t\t<\/div>\n\t\t<\/section>\n\t\t\t\t<section class=\"elementor-section elementor-top-section elementor-element elementor-element-8df290f elementor-section-boxed elementor-section-height-default elementor-section-height-default\" data-id=\"8df290f\" data-element_type=\"section\" data-e-type=\"section\">\n\t\t\t\t\t\t<div class=\"elementor-container elementor-column-gap-default\">\n\t\t\t\t\t<div class=\"elementor-column elementor-col-100 elementor-top-column elementor-element elementor-element-96b02d1\" data-id=\"96b02d1\" data-element_type=\"column\" data-e-type=\"column\">\n\t\t\t<div class=\"elementor-widget-wrap elementor-element-populated\">\n\t\t\t\t\t\t<div class=\"elementor-element elementor-element-86f9680 elementor-widget elementor-widget-spacer\" data-id=\"86f9680\" data-element_type=\"widget\" data-e-type=\"widget\" data-widget_type=\"spacer.default\">\n\t\t\t\t<div class=\"elementor-widget-container\">\n\t\t\t\t\t\t\t<div class=\"elementor-spacer\">\n\t\t\t<div class=\"elementor-spacer-inner\"><\/div>\n\t\t<\/div>\n\t\t\t\t\t\t<\/div>\n\t\t\t\t<\/div>\n\t\t\t\t\t<\/div>\n\t\t<\/div>\n\t\t\t\t\t<\/div>\n\t\t<\/section>\n\t\t\t\t<\/div>","protected":false},"excerpt":{"rendered":"<p>Bist du begeistert oder interessiert an dem, was du bis jetzt vom hop Basel geh\u00f6rt und erlebt hast? M\u00f6chtest du mehr dar\u00fcber erfahren oder Teil davon werden? Dann starte mit unserem hopINTRO. Ein vier Abende langer Starter-Kurs f\u00fcr alle, die sich f\u00fcrs Gebetshaus interessieren oder mitmachen wollen. 1. Abend: Jeder darf kommen! Es geht darum, [&hellip;]<\/p>\n","protected":false},"author":4,"featured_media":0,"parent":61,"menu_order":1,"comment_status":"closed","ping_status":"closed","template":"","meta":{"footnotes":""},"class_list":["post-101","page","type-page","status-publish","hentry"],"_links":{"self":[{"href":"https:\/\/www.hopbasel.ch\/en\/wp-json\/wp\/v2\/pages\/101","targetHints":{"allow":["GET"]}}],"collection":[{"href":"https:\/\/www.hopbasel.ch\/en\/wp-json\/wp\/v2\/pages"}],"about":[{"href":"https:\/\/www.hopbasel.ch\/en\/wp-json\/wp\/v2\/types\/page"}],"author":[{"embeddable":true,"href":"https:\/\/www.hopbasel.ch\/en\/wp-json\/wp\/v2\/users\/4"}],"replies":[{"embeddable":true,"href":"https:\/\/www.hopbasel.ch\/en\/wp-json\/wp\/v2\/comments?post=101"}],"version-history":[{"count":50,"href":"https:\/\/www.hopbasel.ch\/en\/wp-json\/wp\/v2\/pages\/101\/revisions"}],"predecessor-version":[{"id":6720,"href":"https:\/\/www.hopbasel.ch\/en\/wp-json\/wp\/v2\/pages\/101\/revisions\/6720"}],"up":[{"embeddable":true,"href":"https:\/\/www.hopbasel.ch\/en\/wp-json\/wp\/v2\/pages\/61"}],"wp:attachment":[{"href":"https:\/\/www.hopbasel.ch\/en\/wp-json\/wp\/v2\/media?parent=101"}],"curies":[{"name":"wp","href":"https:\/\/api.w.org\/{rel}","templated":true}]}}