{"id":65,"date":"2019-07-20T16:30:17","date_gmt":"2019-07-20T14:30:17","guid":{"rendered":"https:\/\/beta.hopbasel.ch\/?page_id=65"},"modified":"2025-06-07T11:54:19","modified_gmt":"2025-06-07T09:54:19","slug":"faq","status":"publish","type":"page","link":"https:\/\/www.hopbasel.ch\/de\/faq\/","title":{"rendered":"FAQ"},"content":{"rendered":"\t\t<div data-elementor-type=\"wp-page\" data-elementor-id=\"65\" class=\"elementor elementor-65\" data-elementor-post-type=\"page\">\n\t\t\t\t\t\t<section class=\"elementor-section elementor-top-section elementor-element elementor-element-1aa3218 elementor-section-boxed elementor-section-height-default elementor-section-height-default\" data-id=\"1aa3218\" data-element_type=\"section\" data-e-type=\"section\">\n\t\t\t\t\t\t<div class=\"elementor-container elementor-column-gap-default\">\n\t\t\t\t\t<div class=\"elementor-column elementor-col-100 elementor-top-column elementor-element elementor-element-54b19d1\" data-id=\"54b19d1\" data-element_type=\"column\" data-e-type=\"column\">\n\t\t\t<div class=\"elementor-widget-wrap elementor-element-populated\">\n\t\t\t\t\t\t<div class=\"elementor-element elementor-element-7ac51b3 elementor-widget elementor-widget-accordion\" data-id=\"7ac51b3\" data-element_type=\"widget\" data-e-type=\"widget\" data-widget_type=\"accordion.default\">\n\t\t\t\t<div class=\"elementor-widget-container\">\n\t\t\t\t\t\t\t<div class=\"elementor-accordion\">\n\t\t\t\t\t\t\t<div class=\"elementor-accordion-item\">\n\t\t\t\t\t<div id=\"elementor-tab-title-1281\" class=\"elementor-tab-title\" data-tab=\"1\" role=\"button\" aria-controls=\"elementor-tab-content-1281\" aria-expanded=\"false\">\n\t\t\t\t\t\t\t\t\t\t\t\t\t<span class=\"elementor-accordion-icon elementor-accordion-icon-left\" aria-hidden=\"true\">\n\t\t\t\t\t\t\t\t\t\t\t\t\t\t\t<span class=\"elementor-accordion-icon-closed\"><i class=\"fas fa-angle-right\"><\/i><\/span>\n\t\t\t\t\t\t\t\t<span class=\"elementor-accordion-icon-opened\"><i class=\"fas fa-angle-down\"><\/i><\/span>\n\t\t\t\t\t\t\t\t\t\t\t\t\t\t<\/span>\n\t\t\t\t\t\t\t\t\t\t\t\t<a class=\"elementor-accordion-title\" tabindex=\"0\">Allgemein<\/a>\n\t\t\t\t\t<\/div>\n\t\t\t\t\t<div id=\"elementor-tab-content-1281\" class=\"elementor-tab-content elementor-clearfix\" data-tab=\"1\" role=\"region\" aria-labelledby=\"elementor-tab-title-1281\"><p>\t\t<div data-elementor-type=\"section\" data-elementor-id=\"1606\" class=\"elementor elementor-1606\" data-elementor-post-type=\"elementor_library\">\n\t\t\t\t\t<section class=\"elementor-section elementor-top-section elementor-element elementor-element-0688a83 elementor-section-boxed elementor-section-height-default elementor-section-height-default\" data-id=\"0688a83\" data-element_type=\"section\" data-e-type=\"section\">\n\t\t\t\t\t\t<div class=\"elementor-container elementor-column-gap-default\">\n\t\t\t\t\t<div class=\"elementor-column elementor-col-100 elementor-top-column elementor-element elementor-element-56a37c1\" data-id=\"56a37c1\" data-element_type=\"column\" data-e-type=\"column\">\n\t\t\t<div class=\"elementor-widget-wrap elementor-element-populated\">\n\t\t\t\t\t\t<div class=\"elementor-element elementor-element-6b8470e elementor-widget elementor-widget-text-editor\" data-id=\"6b8470e\" data-element_type=\"widget\" data-e-type=\"widget\" data-widget_type=\"text-editor.default\">\n\t\t\t\t<div class=\"elementor-widget-container\">\n\t\t\t\t\t\t\t\t\t<p><strong>Welche Zeiten sind f\u00fcr einen ersten Besuch geeignet? <br \/><\/strong>Im <a href=\"https:\/\/www.hopbasel.ch\/gebetsraum\/set-kalender\/\">Gebetsraum-Kalender<\/a> kannst du nachschauen, was es f\u00fcr Gebetsthemen gibt und zu welchen Zeiten eine Band spielt. Weitere Informationen zu den verschiedenen Sets findest du unter <a href=\"https:\/\/www.hopbasel.ch\/ueber-uns\/gebetshaus\/\">Gebetsraum<\/a><strong>.<br \/><\/strong><\/p><p><strong>Muss ich mich anmelden, wenn ich ins Gebetshaus kommen m\u00f6chte?<br \/><\/strong>Nein, du kannst w\u00e4hrend den <a href=\"https:\/\/www.hopbasel.ch\/gebetsraum\/oeffnungszeiten\/\">\u00d6ffnungszeiten<\/a> jederzeit kommen und gehen.<strong><br \/><\/strong><\/p><p><strong>Kann ich mit einer Gruppe das Gebetshaus besuchen?<br \/><\/strong>Ja, auch Gruppen k\u00f6nnen jederzeit kommen und gehen. Falls ihr eine gr\u00f6ssere Gruppe seid und zum Mittag-\/ oder Abendessen kommt, w\u00e4re eine Anmeldung hilfreich. Falls ihr an einer F\u00fchrung interessiert seid, k\u00f6nnt ihr mit uns <a href=\"https:\/\/www.hopbasel.ch\/kontakt\/\">Kontakt<\/a> aufnehmen.<strong><br \/><\/strong><\/p><p><strong>Gibt es in der N\u00e4he des hop Basel Parkpl\u00e4tze? <br \/><\/strong>Siehe <a href=\"https:\/\/www.hopbasel.ch\/kontakt\/\">Kontakt &amp; Anfahrt<\/a>.<\/p><p><strong>Sind die R\u00e4umlichkeiten mit dem Rollstuhl zug\u00e4nglich? <\/strong><em><br \/><\/em>Vor dem hop hat es Treppen. Es k\u00f6nnen allerdings zwei Schienen hingelegt werden, wodurch mit einem Rollstuhl nach oben und unten gefahren werden kann. Im Geb\u00e4ude hat es einen Lift.<\/p><p><strong>Kann ich meinen Hund mitnehmen?<\/strong><em><br \/><\/em>Nein, Hunde sind nicht erlaubt.<\/p><p><strong>Kann ich mit meinen (Klein-)Kindern ins Gebetshaus kommen?<br \/><\/strong>Ja, Kinder sind willkommen im Gebetshaus. Neben dem Gebetsraum hat es eine kleine Spielecke mit B\u00fcchern und Spielsachen. <strong><br \/><\/strong><\/p>\t\t\t\t\t\t\t\t<\/div>\n\t\t\t\t<\/div>\n\t\t\t\t\t<\/div>\n\t\t<\/div>\n\t\t\t\t\t<\/div>\n\t\t<\/section>\n\t\t\t\t<\/div>\n\t\t<\/p><\/div>\n\t\t\t\t<\/div>\n\t\t\t\t\t\t\t<div class=\"elementor-accordion-item\">\n\t\t\t\t\t<div id=\"elementor-tab-title-1282\" class=\"elementor-tab-title\" data-tab=\"2\" role=\"button\" aria-controls=\"elementor-tab-content-1282\" aria-expanded=\"false\">\n\t\t\t\t\t\t\t\t\t\t\t\t\t<span class=\"elementor-accordion-icon elementor-accordion-icon-left\" aria-hidden=\"true\">\n\t\t\t\t\t\t\t\t\t\t\t\t\t\t\t<span class=\"elementor-accordion-icon-closed\"><i class=\"fas fa-angle-right\"><\/i><\/span>\n\t\t\t\t\t\t\t\t<span class=\"elementor-accordion-icon-opened\"><i class=\"fas fa-angle-down\"><\/i><\/span>\n\t\t\t\t\t\t\t\t\t\t\t\t\t\t<\/span>\n\t\t\t\t\t\t\t\t\t\t\t\t<a class=\"elementor-accordion-title\" tabindex=\"0\">Gebetsraum<\/a>\n\t\t\t\t\t<\/div>\n\t\t\t\t\t<div id=\"elementor-tab-content-1282\" class=\"elementor-tab-content elementor-clearfix\" data-tab=\"2\" role=\"region\" aria-labelledby=\"elementor-tab-title-1282\"><p>\t\t<div data-elementor-type=\"section\" data-elementor-id=\"1613\" class=\"elementor elementor-1613\" data-elementor-post-type=\"elementor_library\">\n\t\t\t\t\t<section class=\"elementor-section elementor-top-section elementor-element elementor-element-712aef3 elementor-section-boxed elementor-section-height-default elementor-section-height-default\" data-id=\"712aef3\" data-element_type=\"section\" data-e-type=\"section\">\n\t\t\t\t\t\t<div class=\"elementor-container elementor-column-gap-default\">\n\t\t\t\t\t<div class=\"elementor-column elementor-col-100 elementor-top-column elementor-element elementor-element-8d86c62\" data-id=\"8d86c62\" data-element_type=\"column\" data-e-type=\"column\">\n\t\t\t<div class=\"elementor-widget-wrap elementor-element-populated\">\n\t\t\t\t\t\t<div class=\"elementor-element elementor-element-2e4e6af elementor-widget elementor-widget-text-editor\" data-id=\"2e4e6af\" data-element_type=\"widget\" data-e-type=\"widget\" data-widget_type=\"text-editor.default\">\n\t\t\t\t<div class=\"elementor-widget-container\">\n\t\t\t\t\t\t\t\t\t<p><strong>Wo finde ich mehr \u00fcber das Programm im Gebetsraum heraus?<\/strong><em><br \/><\/em>Das aktuelle Programm findest du im <a href=\"https:\/\/www.hopbasel.ch\/gebetsraum\/set-kalender\/\">Gebetsraum-Kalender<\/a>. Unter <a href=\"https:\/\/www.hopbasel.ch\/veranstaltungen\/\">Veranstaltungen<\/a> und <a href=\"https:\/\/www.hopbasel.ch\/gebetsraum\/spezielle-angebote\/\">spezielle Angebote<\/a> kannst du nachschauen welche Events in n\u00e4chster Zeit stattfinden und mehr \u00fcber diverse Angebote erfahren.<\/p><p><strong>Gibt es einen ruhigen Ort, an den ich mich zur\u00fcckziehen kann, wenn es mir zu laut ist?<br \/><\/strong>Im 3.UG befindet sich ein <a href=\"https:\/\/www.hopbasel.ch\/ueber-uns\/gebetshaus\/\">Raum der Stille<\/a>, wo man zur Ruhe und in die Stille vor Gott kommen kann.<strong><br \/><\/strong><\/p>\t\t\t\t\t\t\t\t<\/div>\n\t\t\t\t<\/div>\n\t\t\t\t\t<\/div>\n\t\t<\/div>\n\t\t\t\t\t<\/div>\n\t\t<\/section>\n\t\t\t\t<\/div>\n\t\t<\/p><\/div>\n\t\t\t\t<\/div>\n\t\t\t\t\t\t\t<div class=\"elementor-accordion-item\">\n\t\t\t\t\t<div id=\"elementor-tab-title-1283\" class=\"elementor-tab-title\" data-tab=\"3\" role=\"button\" aria-controls=\"elementor-tab-content-1283\" aria-expanded=\"false\">\n\t\t\t\t\t\t\t\t\t\t\t\t\t<span class=\"elementor-accordion-icon elementor-accordion-icon-left\" aria-hidden=\"true\">\n\t\t\t\t\t\t\t\t\t\t\t\t\t\t\t<span class=\"elementor-accordion-icon-closed\"><i class=\"fas fa-angle-right\"><\/i><\/span>\n\t\t\t\t\t\t\t\t<span class=\"elementor-accordion-icon-opened\"><i class=\"fas fa-angle-down\"><\/i><\/span>\n\t\t\t\t\t\t\t\t\t\t\t\t\t\t<\/span>\n\t\t\t\t\t\t\t\t\t\t\t\t<a class=\"elementor-accordion-title\" tabindex=\"0\">Cafeteria<\/a>\n\t\t\t\t\t<\/div>\n\t\t\t\t\t<div id=\"elementor-tab-content-1283\" class=\"elementor-tab-content elementor-clearfix\" data-tab=\"3\" role=\"region\" aria-labelledby=\"elementor-tab-title-1283\"><p>\t\t<div data-elementor-type=\"section\" data-elementor-id=\"1616\" class=\"elementor elementor-1616\" data-elementor-post-type=\"elementor_library\">\n\t\t\t\t\t<section class=\"elementor-section elementor-top-section elementor-element elementor-element-19165d4 elementor-section-boxed elementor-section-height-default elementor-section-height-default\" data-id=\"19165d4\" data-element_type=\"section\" data-e-type=\"section\">\n\t\t\t\t\t\t<div class=\"elementor-container elementor-column-gap-default\">\n\t\t\t\t\t<div class=\"elementor-column elementor-col-100 elementor-top-column elementor-element elementor-element-d384e06\" data-id=\"d384e06\" data-element_type=\"column\" data-e-type=\"column\">\n\t\t\t<div class=\"elementor-widget-wrap elementor-element-populated\">\n\t\t\t\t\t\t<div class=\"elementor-element elementor-element-c0b9365 elementor-widget elementor-widget-text-editor\" data-id=\"c0b9365\" data-element_type=\"widget\" data-e-type=\"widget\" data-widget_type=\"text-editor.default\">\n\t\t\t\t<div class=\"elementor-widget-container\">\n\t\t\t\t\t\t\t\t\t<p><strong>Welche Angebote bietet die Cafeteria des hop Basel? <br \/><\/strong>Die Cafeteria ist ein Ort der Gemeinschaft und des Austausches. W\u00e4hrend den <a href=\"https:\/\/www.hopbasel.ch\/gebetsraum\/cafeteria\/\">\u00d6ffnungszeiten des Taste&amp;See<\/a>, unserer bedienten Cafeteria, kann man Desserts, Tees, Cappuccinos und weiteres geniessen. Zu den weiteren \u00d6ffnungszeiten des hop Basels ist die Cafeteria in Selbstbedienung offen.<\/p><p><strong>Sind die Angebote der Cafeteria kostenlos? <\/strong><em><br \/><\/em>F\u00fcr Kaffee, Getr\u00e4nke und Essen sind wir dankbar um einen Kostenbeitrag.<\/p><p><strong>Gibt es Mittag-\/Abendessen?<\/strong><em><br \/><\/em>Einmal im Monat bieten wir ein gemeinsames Abendessen an. Die aktuellen Daten sind im <a href=\"https:\/\/www.hopbasel.ch\/gebetsraum\/cafeteria\/\">Taste&amp;See-Kalender<\/a>.<\/p>\t\t\t\t\t\t\t\t<\/div>\n\t\t\t\t<\/div>\n\t\t\t\t\t<\/div>\n\t\t<\/div>\n\t\t\t\t\t<\/div>\n\t\t<\/section>\n\t\t\t\t<\/div>\n\t\t<\/p><\/div>\n\t\t\t\t<\/div>\n\t\t\t\t\t\t\t<div class=\"elementor-accordion-item\">\n\t\t\t\t\t<div id=\"elementor-tab-title-1284\" class=\"elementor-tab-title\" data-tab=\"4\" role=\"button\" aria-controls=\"elementor-tab-content-1284\" aria-expanded=\"false\">\n\t\t\t\t\t\t\t\t\t\t\t\t\t<span class=\"elementor-accordion-icon elementor-accordion-icon-left\" aria-hidden=\"true\">\n\t\t\t\t\t\t\t\t\t\t\t\t\t\t\t<span class=\"elementor-accordion-icon-closed\"><i class=\"fas fa-angle-right\"><\/i><\/span>\n\t\t\t\t\t\t\t\t<span class=\"elementor-accordion-icon-opened\"><i class=\"fas fa-angle-down\"><\/i><\/span>\n\t\t\t\t\t\t\t\t\t\t\t\t\t\t<\/span>\n\t\t\t\t\t\t\t\t\t\t\t\t<a class=\"elementor-accordion-title\" tabindex=\"0\">Geistlicher Hintergrund<\/a>\n\t\t\t\t\t<\/div>\n\t\t\t\t\t<div id=\"elementor-tab-content-1284\" class=\"elementor-tab-content elementor-clearfix\" data-tab=\"4\" role=\"region\" aria-labelledby=\"elementor-tab-title-1284\"><p>\t\t<div data-elementor-type=\"section\" data-elementor-id=\"1610\" class=\"elementor elementor-1610\" data-elementor-post-type=\"elementor_library\">\n\t\t\t\t\t<section class=\"elementor-section elementor-top-section elementor-element elementor-element-d484c80 elementor-section-boxed elementor-section-height-default elementor-section-height-default\" data-id=\"d484c80\" data-element_type=\"section\" data-e-type=\"section\">\n\t\t\t\t\t\t<div class=\"elementor-container elementor-column-gap-default\">\n\t\t\t\t\t<div class=\"elementor-column elementor-col-100 elementor-top-column elementor-element elementor-element-acf2dfc\" data-id=\"acf2dfc\" data-element_type=\"column\" data-e-type=\"column\">\n\t\t\t<div class=\"elementor-widget-wrap elementor-element-populated\">\n\t\t\t\t\t\t<div class=\"elementor-element elementor-element-66755d9 elementor-widget elementor-widget-text-editor\" data-id=\"66755d9\" data-element_type=\"widget\" data-e-type=\"widget\" data-widget_type=\"text-editor.default\">\n\t\t\t\t<div class=\"elementor-widget-container\">\n\t\t\t\t\t\t\t\t\t<p><strong>Ist das hop Basel eine Kirche?<br \/><\/strong>Nein, es ist keine Kirche.<\/p><p><strong>Welcher Denomination geh\u00f6rt das hop Basel an?<\/strong><em><br \/><\/em>Das hop Basel geh\u00f6rt keiner Denomination an, sondern ist denominations\u00fcbergreifend.<\/p><p><strong><span class=\"im\">F\u00fcr wen steht das Gebetshaus offen?<\/span><br \/><\/strong>Das Gebetshaus steht allen Menschen offen, kommen und gehen ist jederzeit m\u00f6glich<strong>.<br \/><\/strong><\/p>\t\t\t\t\t\t\t\t<\/div>\n\t\t\t\t<\/div>\n\t\t\t\t\t<\/div>\n\t\t<\/div>\n\t\t\t\t\t<\/div>\n\t\t<\/section>\n\t\t\t\t<\/div>\n\t\t<\/p><\/div>\n\t\t\t\t<\/div>\n\t\t\t\t\t\t\t<div class=\"elementor-accordion-item\">\n\t\t\t\t\t<div id=\"elementor-tab-title-1285\" class=\"elementor-tab-title\" data-tab=\"5\" role=\"button\" aria-controls=\"elementor-tab-content-1285\" aria-expanded=\"false\">\n\t\t\t\t\t\t\t\t\t\t\t\t\t<span class=\"elementor-accordion-icon elementor-accordion-icon-left\" aria-hidden=\"true\">\n\t\t\t\t\t\t\t\t\t\t\t\t\t\t\t<span class=\"elementor-accordion-icon-closed\"><i class=\"fas fa-angle-right\"><\/i><\/span>\n\t\t\t\t\t\t\t\t<span class=\"elementor-accordion-icon-opened\"><i class=\"fas fa-angle-down\"><\/i><\/span>\n\t\t\t\t\t\t\t\t\t\t\t\t\t\t<\/span>\n\t\t\t\t\t\t\t\t\t\t\t\t<a class=\"elementor-accordion-title\" tabindex=\"0\">Mitarbeit<\/a>\n\t\t\t\t\t<\/div>\n\t\t\t\t\t<div id=\"elementor-tab-content-1285\" class=\"elementor-tab-content elementor-clearfix\" data-tab=\"5\" role=\"region\" aria-labelledby=\"elementor-tab-title-1285\"><p>\t\t<div data-elementor-type=\"section\" data-elementor-id=\"1623\" class=\"elementor elementor-1623\" data-elementor-post-type=\"elementor_library\">\n\t\t\t\t\t<section class=\"elementor-section elementor-top-section elementor-element elementor-element-cbb550f elementor-section-boxed elementor-section-height-default elementor-section-height-default\" data-id=\"cbb550f\" data-element_type=\"section\" data-e-type=\"section\">\n\t\t\t\t\t\t<div class=\"elementor-container elementor-column-gap-default\">\n\t\t\t\t\t<div class=\"elementor-column elementor-col-100 elementor-top-column elementor-element elementor-element-8addc4d\" data-id=\"8addc4d\" data-element_type=\"column\" data-e-type=\"column\">\n\t\t\t<div class=\"elementor-widget-wrap elementor-element-populated\">\n\t\t\t\t\t\t<div class=\"elementor-element elementor-element-6a16c16 elementor-widget elementor-widget-text-editor\" data-id=\"6a16c16\" data-element_type=\"widget\" data-e-type=\"widget\" data-widget_type=\"text-editor.default\">\n\t\t\t\t<div class=\"elementor-widget-container\">\n\t\t\t\t\t\t\t\t\t<p><strong>Auf welche Weise kann ich mich im hop Basel engagieren?<br \/><\/strong>Es gibt viele verschiedene Bereiche, bei denen man sich engagieren kann. Zum Beispiel in der Cafeteria, in der Technik, beim Beamen, in der Anbetung, etc. Bei den hop Intro Abenden kann man mehr \u00fcber die verschiedenen M\u00f6glichkeiten erfahren.<\/p><p><strong>Wo\/bei wem muss ich mich melden, wenn ich gerne mitarbeiten w\u00fcrde?<\/strong><em><br \/><\/em><a href=\"https:\/\/www.hopbasel.ch\/mitarbeit-unterstuetzung\/mitarbeiter-werden\/\">Hier<\/a> kannst du dich f\u00fcr die Intro Abende anmelden.<\/p><p><strong>Was ist hop Intro?<br \/><\/strong>Es ist eine Einf\u00fchrung zu der Geschichte und Vision des Gebetshauses und besteht aus vier Abenden f\u00fcr alle, die sich f\u00fcr das Gebetshaus interessieren oder mitmachen wollen.<\/p>\t\t\t\t\t\t\t\t<\/div>\n\t\t\t\t<\/div>\n\t\t\t\t\t<\/div>\n\t\t<\/div>\n\t\t\t\t\t<\/div>\n\t\t<\/section>\n\t\t\t\t<\/div>\n\t\t<\/p><\/div>\n\t\t\t\t<\/div>\n\t\t\t\t\t\t\t<div class=\"elementor-accordion-item\">\n\t\t\t\t\t<div id=\"elementor-tab-title-1286\" class=\"elementor-tab-title\" data-tab=\"6\" role=\"button\" aria-controls=\"elementor-tab-content-1286\" aria-expanded=\"false\">\n\t\t\t\t\t\t\t\t\t\t\t\t\t<span class=\"elementor-accordion-icon elementor-accordion-icon-left\" aria-hidden=\"true\">\n\t\t\t\t\t\t\t\t\t\t\t\t\t\t\t<span class=\"elementor-accordion-icon-closed\"><i class=\"fas fa-angle-right\"><\/i><\/span>\n\t\t\t\t\t\t\t\t<span class=\"elementor-accordion-icon-opened\"><i class=\"fas fa-angle-down\"><\/i><\/span>\n\t\t\t\t\t\t\t\t\t\t\t\t\t\t<\/span>\n\t\t\t\t\t\t\t\t\t\t\t\t<a class=\"elementor-accordion-title\" tabindex=\"0\">Finanzierung\/finanzielle Unterst\u00fctzung<\/a>\n\t\t\t\t\t<\/div>\n\t\t\t\t\t<div id=\"elementor-tab-content-1286\" class=\"elementor-tab-content elementor-clearfix\" data-tab=\"6\" role=\"region\" aria-labelledby=\"elementor-tab-title-1286\"><p>\t\t<div data-elementor-type=\"section\" data-elementor-id=\"1626\" class=\"elementor elementor-1626\" data-elementor-post-type=\"elementor_library\">\n\t\t\t\t\t<section class=\"elementor-section elementor-top-section elementor-element elementor-element-411dc62 elementor-section-boxed elementor-section-height-default elementor-section-height-default\" data-id=\"411dc62\" data-element_type=\"section\" data-e-type=\"section\">\n\t\t\t\t\t\t<div class=\"elementor-container elementor-column-gap-default\">\n\t\t\t\t\t<div class=\"elementor-column elementor-col-100 elementor-top-column elementor-element elementor-element-626bd7c\" data-id=\"626bd7c\" data-element_type=\"column\" data-e-type=\"column\">\n\t\t\t<div class=\"elementor-widget-wrap elementor-element-populated\">\n\t\t\t\t\t\t<div class=\"elementor-element elementor-element-4a478fe elementor-widget elementor-widget-text-editor\" data-id=\"4a478fe\" data-element_type=\"widget\" data-e-type=\"widget\" data-widget_type=\"text-editor.default\">\n\t\t\t\t<div class=\"elementor-widget-container\">\n\t\t\t\t\t\t\t\t\t<p><strong>Wie wird das hop Basel finanziert?<br \/><\/strong>hop Basel ist ein gemeinn\u00fctziger Verein, der von Spenden getragen wird.<\/p><p><strong>Kann ich das hop Basel finanziell unterst\u00fctzen?<\/strong><em><br \/><\/em>Mehr Information dazu findest du unter <a href=\"https:\/\/www.hopbasel.ch\/mitarbeit-unterstuetzung\/spenden\/\">Spenden<\/a> und <a href=\"https:\/\/www.hopbasel.ch\/mitarbeit-unterstuetzung\/partner-werden\/\">Partner\/Investor<\/a>.<\/p><p><strong>F\u00fcr was werden meine Spenden verwendet?<br \/><\/strong>Die Spendengelder werden gem\u00e4ss dem Vereinszweck verwendet oder, falls gew\u00fcnscht, einem spezifischen Bereich oder Projekt gutgeschrieben.<\/p><p><strong>Wie kann ich meine Spenden von den Steuern abziehen?<\/strong><br \/>Wir versenden jeweils zu Beginn des Folgejahres eine Spendenbest\u00e4tigung, die als Nachweis gilt. F\u00fcr Bareinzahlungen k\u00f6nnen keine Spendenbest\u00e4tigung ausgestellt werden.<\/p>\t\t\t\t\t\t\t\t<\/div>\n\t\t\t\t<\/div>\n\t\t\t\t\t<\/div>\n\t\t<\/div>\n\t\t\t\t\t<\/div>\n\t\t<\/section>\n\t\t\t\t<\/div>\n\t\t<\/p><\/div>\n\t\t\t\t<\/div>\n\t\t\t\t\t\t\t\t<\/div>\n\t\t\t\t\t\t<\/div>\n\t\t\t\t<\/div>\n\t\t\t\t\t<\/div>\n\t\t<\/div>\n\t\t\t\t\t<\/div>\n\t\t<\/section>\n\t\t\t\t<section class=\"elementor-section elementor-top-section elementor-element elementor-element-9b005e8 elementor-section-boxed elementor-section-height-default elementor-section-height-default\" data-id=\"9b005e8\" data-element_type=\"section\" data-e-type=\"section\">\n\t\t\t\t\t\t<div class=\"elementor-container elementor-column-gap-default\">\n\t\t\t\t\t<div class=\"elementor-column elementor-col-100 elementor-top-column elementor-element elementor-element-a33a4b4\" data-id=\"a33a4b4\" data-element_type=\"column\" data-e-type=\"column\">\n\t\t\t<div class=\"elementor-widget-wrap elementor-element-populated\">\n\t\t\t\t\t\t<div class=\"elementor-element elementor-element-473a5cc elementor-widget elementor-widget-spacer\" data-id=\"473a5cc\" data-element_type=\"widget\" data-e-type=\"widget\" data-widget_type=\"spacer.default\">\n\t\t\t\t<div class=\"elementor-widget-container\">\n\t\t\t\t\t\t\t<div class=\"elementor-spacer\">\n\t\t\t<div class=\"elementor-spacer-inner\"><\/div>\n\t\t<\/div>\n\t\t\t\t\t\t<\/div>\n\t\t\t\t<\/div>\n\t\t\t\t\t<\/div>\n\t\t<\/div>\n\t\t\t\t\t<\/div>\n\t\t<\/section>\n\t\t\t\t<\/div>\n\t\t","protected":false},"excerpt":{"rendered":"<p>Allgemein Welche Zeiten sind f\u00fcr einen ersten Besuch geeignet? Im Gebetsraum-Kalender kannst du nachschauen, was es f\u00fcr Gebetsthemen gibt und zu welchen Zeiten eine Band spielt. Weitere Informationen zu den verschiedenen Sets findest du unter Gebetsraum. Muss ich mich anmelden, wenn ich ins Gebetshaus kommen m\u00f6chte?Nein, du kannst w\u00e4hrend den \u00d6ffnungszeiten jederzeit kommen und gehen. [&hellip;]<\/p>\n","protected":false},"author":4,"featured_media":0,"parent":0,"menu_order":0,"comment_status":"closed","ping_status":"closed","template":"","meta":{"footnotes":""},"class_list":["post-65","page","type-page","status-publish","hentry"],"_links":{"self":[{"href":"https:\/\/www.hopbasel.ch\/de\/wp-json\/wp\/v2\/pages\/65","targetHints":{"allow":["GET"]}}],"collection":[{"href":"https:\/\/www.hopbasel.ch\/de\/wp-json\/wp\/v2\/pages"}],"about":[{"href":"https:\/\/www.hopbasel.ch\/de\/wp-json\/wp\/v2\/types\/page"}],"author":[{"embeddable":true,"href":"https:\/\/www.hopbasel.ch\/de\/wp-json\/wp\/v2\/users\/4"}],"replies":[{"embeddable":true,"href":"https:\/\/www.hopbasel.ch\/de\/wp-json\/wp\/v2\/comments?post=65"}],"version-history":[{"count":21,"href":"https:\/\/www.hopbasel.ch\/de\/wp-json\/wp\/v2\/pages\/65\/revisions"}],"predecessor-version":[{"id":7199,"href":"https:\/\/www.hopbasel.ch\/de\/wp-json\/wp\/v2\/pages\/65\/revisions\/7199"}],"wp:attachment":[{"href":"https:\/\/www.hopbasel.ch\/de\/wp-json\/wp\/v2\/media?parent=65"}],"curies":[{"name":"wp","href":"https:\/\/api.w.org\/{rel}","templated":true}]}}