{"id":59,"date":"2019-07-20T16:23:12","date_gmt":"2019-07-20T14:23:12","guid":{"rendered":"https:\/\/beta.hopbasel.ch\/?page_id=59"},"modified":"2026-03-24T16:44:07","modified_gmt":"2026-03-24T15:44:07","slug":"veranstaltungen","status":"publish","type":"page","link":"https:\/\/www.hopbasel.ch\/de\/veranstaltungen\/","title":{"rendered":"Veranstaltungen"},"content":{"rendered":"\t\t<div data-elementor-type=\"wp-page\" data-elementor-id=\"59\" class=\"elementor elementor-59\" data-elementor-post-type=\"page\">\n\t\t\t\t\t\t<section class=\"elementor-section elementor-top-section elementor-element elementor-element-149f85f2 elementor-section-boxed elementor-section-height-default elementor-section-height-default\" data-id=\"149f85f2\" data-element_type=\"section\" data-e-type=\"section\">\n\t\t\t\t\t\t<div class=\"elementor-container elementor-column-gap-default\">\n\t\t\t\t\t<div class=\"elementor-column elementor-col-100 elementor-top-column elementor-element elementor-element-6622be55\" data-id=\"6622be55\" data-element_type=\"column\" data-e-type=\"column\">\n\t\t\t<div class=\"elementor-widget-wrap elementor-element-populated\">\n\t\t\t\t\t\t<div class=\"elementor-element elementor-element-4e9146e4 elementor-widget elementor-widget-text-editor\" data-id=\"4e9146e4\" data-element_type=\"widget\" data-e-type=\"widget\" data-widget_type=\"text-editor.default\">\n\t\t\t\t<div class=\"elementor-widget-container\">\n\t\t\t\t\t\t\t\t\t<p>Wir wollen forschen und immer mehr erkennen wer Gott ist. Das unterst\u00fctzen wir, indem wir Menschen aus unterschiedlichen Einrichtungen und kirchlichen Werken einladen, uns mit ihren Erkenntnissen zu inspirieren. Da das Hauptanliegen vom hop Basel die immerw\u00e4hrende Anbetung Gottes ist, m\u00f6chten wir die Sets so wenig wie m\u00f6glich unterbrechen und nur gelegentlich Veranstaltungen durchf\u00fchren.<\/p><p><em>Unsere <strong><a href=\"https:\/\/www.hopbasel.ch\/gebetsraum\/spezielle-angebote\/\">Speziellen Angebote<\/a><\/strong>, wie (Farbenlob, Prophetisches Gebet, Refresh! und weitere) finden parallel zu den Sets im Gebetsraum statt. Die aktuellen Daten&amp;Anmeldeformulare daf\u00fcr findet ihr <a href=\"https:\/\/www.hopbasel.ch\/gebetsraum\/spezielle-angebote\/\">hier<\/a>.<\/em><\/p>\t\t\t\t\t\t\t\t<\/div>\n\t\t\t\t<\/div>\n\t\t\t\t\t<\/div>\n\t\t<\/div>\n\t\t\t\t\t<\/div>\n\t\t<\/section>\n\t\t\t\t<section class=\"elementor-section elementor-top-section elementor-element elementor-element-ef70543 elementor-section-boxed elementor-section-height-default elementor-section-height-default\" data-id=\"ef70543\" data-element_type=\"section\" data-e-type=\"section\">\n\t\t\t\t\t\t<div class=\"elementor-container elementor-column-gap-default\">\n\t\t\t\t\t<div class=\"elementor-column elementor-col-100 elementor-top-column elementor-element elementor-element-0f0dd0c\" data-id=\"0f0dd0c\" data-element_type=\"column\" data-e-type=\"column\">\n\t\t\t<div class=\"elementor-widget-wrap elementor-element-populated\">\n\t\t\t\t\t\t<div class=\"elementor-element elementor-element-52e98c4 elementor-widget-divider--view-line elementor-widget elementor-widget-divider\" data-id=\"52e98c4\" data-element_type=\"widget\" data-e-type=\"widget\" data-widget_type=\"divider.default\">\n\t\t\t\t<div class=\"elementor-widget-container\">\n\t\t\t\t\t\t\t<div class=\"elementor-divider\">\n\t\t\t<span class=\"elementor-divider-separator\">\n\t\t\t\t\t\t<\/span>\n\t\t<\/div>\n\t\t\t\t\t\t<\/div>\n\t\t\t\t<\/div>\n\t\t\t\t<div class=\"elementor-element elementor-element-9cfea20 elementor-widget elementor-widget-hop-calendar\" data-id=\"9cfea20\" data-element_type=\"widget\" data-e-type=\"widget\" data-widget_type=\"hop-calendar.default\">\n\t\t\t\t<div class=\"elementor-widget-container\">\n\t\t\t\t\t<div class='hop-calendar'><div class='hop-event-header'><div class='w3-row'><div class='w3-col s4'><div class='w3-row'><div class='w3-col m6'>Datum<\/div><div class='w3-col m6'>Zeit<\/div><\/div><\/div><div class='w3-col s8'><div class='w3-row'><div class='w3-col'>Veranstaltung<\/div><\/div><\/div><\/div><\/div><div class='hop-event'><div class='w3-row'><div class='w3-col s4'><div class='w3-row'><div class='w3-col m6'><div class='hop-event-date'>Morgen<\/div><\/div><div class='w3-col m6'><div class='hop-event-time'>19:00 - 21:00<\/div><\/div><\/div><\/div><div class='w3-col s8'><div class='w3-row'><div class='w3-col'><div class='hop-event-summary'>Veranstaltung: Soundblessing Play&Pray \/ Crescendo-Team<\/div><\/div><\/div><\/div><\/div><\/div><div class='hop-event'><div class='w3-row'><div class='w3-col s4'><div class='w3-row'><div class='w3-col m6'><div class='hop-event-date'>Mit,  6. Mai<\/div><\/div><div class='w3-col m6'><div class='hop-event-time'>18:00 - 19:00<\/div><\/div><\/div><\/div><div class='w3-col s8'><div class='w3-row'><div class='w3-col'><div class='hop-event-summary'>Veranstaltung: PrayMed \/ Andrea Nydegger<\/div><\/div><\/div><\/div><\/div><\/div><div class='hop-event'><div class='w3-row'><div class='w3-col s4'><div class='w3-row'><div class='w3-col m6'><div class='hop-event-date'>Mit, 20. Mai<\/div><\/div><div class='w3-col m6'><div class='hop-event-time'>19:00 - 21:00<\/div><\/div><\/div><\/div><div class='w3-col s8'><div class='w3-row'><div class='w3-col'><div class='hop-event-summary'>Veranstaltung: Soundblessing Play&Pray \/ Crescendo-Team<\/div><\/div><\/div><\/div><\/div><\/div><div class='hop-event'><div class='w3-row'><div class='w3-col s4'><div class='w3-row'><div class='w3-col m6'><div class='hop-event-date'>Mit, 17. Jun<\/div><\/div><div class='w3-col m6'><div class='hop-event-time'>19:00 - 21:00<\/div><\/div><\/div><\/div><div class='w3-col s8'><div class='w3-row'><div class='w3-col'><div class='hop-event-summary'>Veranstaltung: Soundblessing Play&Pray \/ Crescendo-Team<\/div><\/div><\/div><\/div><\/div><\/div><div class='hop-event'><div class='w3-row'><div class='w3-col s4'><div class='w3-row'><div class='w3-col m6'><div class='hop-event-date'>Don, 18. Jun<\/div><\/div><div class='w3-col m6'><div class='hop-event-time'>19:00 - 21:00<\/div><\/div><\/div><\/div><div class='w3-col s8'><div class='w3-row'><div class='w3-col'><div class='hop-event-summary'>Veranstaltung: OM Gebetsabend<\/div><\/div><\/div><\/div><\/div><\/div><\/div>\t\t\t\t<\/div>\n\t\t\t\t<\/div>\n\t\t\t\t<div class=\"elementor-element elementor-element-475519b elementor-widget elementor-widget-hop-calendar\" data-id=\"475519b\" data-element_type=\"widget\" data-e-type=\"widget\" data-widget_type=\"hop-calendar.default\">\n\t\t\t\t<div class=\"elementor-widget-container\">\n\t\t\t\t\t<style>.elementor-element-475519b{display:none !important}<\/style>\t\t\t\t<\/div>\n\t\t\t\t<\/div>\n\t\t\t\t<div class=\"elementor-element elementor-element-61952bf3 elementor-widget elementor-widget-text-editor\" data-id=\"61952bf3\" data-element_type=\"widget\" data-e-type=\"widget\" data-widget_type=\"text-editor.default\">\n\t\t\t\t<div class=\"elementor-widget-container\">\n\t\t\t\t\t\t\t\t\t<p style=\"text-align: left;\">Informationen zum regelm\u00e4ssigen Programm im hop Basel findet ihr im <a href=\"https:\/\/www.hopbasel.ch\/gebetsraum\/set-kalender\/\">Gebetsraum-Kalender<\/a> und unter <a href=\"https:\/\/www.hopbasel.ch\/gebetsraum\/spezielle-angebote\/\">Spezielle Angebote<\/a>.<\/p>\t\t\t\t\t\t\t\t<\/div>\n\t\t\t\t<\/div>\n\t\t\t\t\t<\/div>\n\t\t<\/div>\n\t\t\t\t\t<\/div>\n\t\t<\/section>\n\t\t\t\t<section class=\"elementor-section elementor-top-section elementor-element elementor-element-eeeff24 elementor-section-boxed elementor-section-height-default elementor-section-height-default\" data-id=\"eeeff24\" data-element_type=\"section\" data-e-type=\"section\">\n\t\t\t\t\t\t<div class=\"elementor-container elementor-column-gap-default\">\n\t\t\t\t\t<div class=\"elementor-column elementor-col-100 elementor-top-column elementor-element elementor-element-0d03e04\" data-id=\"0d03e04\" data-element_type=\"column\" data-e-type=\"column\">\n\t\t\t<div class=\"elementor-widget-wrap elementor-element-populated\">\n\t\t\t\t\t\t<div class=\"elementor-element elementor-element-e887c21 elementor-widget elementor-widget-spacer\" data-id=\"e887c21\" data-element_type=\"widget\" data-e-type=\"widget\" data-widget_type=\"spacer.default\">\n\t\t\t\t<div class=\"elementor-widget-container\">\n\t\t\t\t\t\t\t<div class=\"elementor-spacer\">\n\t\t\t<div class=\"elementor-spacer-inner\"><\/div>\n\t\t<\/div>\n\t\t\t\t\t\t<\/div>\n\t\t\t\t<\/div>\n\t\t\t\t\t<\/div>\n\t\t<\/div>\n\t\t\t\t\t<\/div>\n\t\t<\/section>\n\t\t\t\t<section class=\"elementor-section elementor-top-section elementor-element elementor-element-43dae04d elementor-section-boxed elementor-section-height-default elementor-section-height-default\" data-id=\"43dae04d\" data-element_type=\"section\" data-e-type=\"section\">\n\t\t\t\t\t\t<div class=\"elementor-container elementor-column-gap-default\">\n\t\t\t\t\t<div class=\"elementor-column elementor-col-100 elementor-top-column elementor-element elementor-element-58019995\" data-id=\"58019995\" data-element_type=\"column\" data-e-type=\"column\">\n\t\t\t<div class=\"elementor-widget-wrap elementor-element-populated\">\n\t\t\t\t\t\t<div class=\"elementor-element elementor-element-2b1a472f elementor-widget-divider--view-line elementor-widget elementor-widget-divider\" data-id=\"2b1a472f\" data-element_type=\"widget\" data-e-type=\"widget\" data-widget_type=\"divider.default\">\n\t\t\t\t<div class=\"elementor-widget-container\">\n\t\t\t\t\t\t\t<div class=\"elementor-divider\">\n\t\t\t<span class=\"elementor-divider-separator\">\n\t\t\t\t\t\t<\/span>\n\t\t<\/div>\n\t\t\t\t\t\t<\/div>\n\t\t\t\t<\/div>\n\t\t\t\t\t<\/div>\n\t\t<\/div>\n\t\t\t\t\t<\/div>\n\t\t<\/section>\n\t\t\t\t<\/div>\n\t\t","protected":false},"excerpt":{"rendered":"<p>Wir wollen forschen und immer mehr erkennen wer Gott ist. Das unterst\u00fctzen wir, indem wir Menschen aus unterschiedlichen Einrichtungen und kirchlichen Werken einladen, uns mit ihren Erkenntnissen zu inspirieren. Da das Hauptanliegen vom hop Basel die immerw\u00e4hrende Anbetung Gottes ist, m\u00f6chten wir die Sets so wenig wie m\u00f6glich unterbrechen und nur gelegentlich Veranstaltungen durchf\u00fchren. Unsere [&hellip;]<\/p>\n","protected":false},"author":4,"featured_media":0,"parent":0,"menu_order":0,"comment_status":"closed","ping_status":"closed","template":"","meta":{"footnotes":""},"class_list":["post-59","page","type-page","status-publish","hentry"],"_links":{"self":[{"href":"https:\/\/www.hopbasel.ch\/de\/wp-json\/wp\/v2\/pages\/59","targetHints":{"allow":["GET"]}}],"collection":[{"href":"https:\/\/www.hopbasel.ch\/de\/wp-json\/wp\/v2\/pages"}],"about":[{"href":"https:\/\/www.hopbasel.ch\/de\/wp-json\/wp\/v2\/types\/page"}],"author":[{"embeddable":true,"href":"https:\/\/www.hopbasel.ch\/de\/wp-json\/wp\/v2\/users\/4"}],"replies":[{"embeddable":true,"href":"https:\/\/www.hopbasel.ch\/de\/wp-json\/wp\/v2\/comments?post=59"}],"version-history":[{"count":784,"href":"https:\/\/www.hopbasel.ch\/de\/wp-json\/wp\/v2\/pages\/59\/revisions"}],"predecessor-version":[{"id":7687,"href":"https:\/\/www.hopbasel.ch\/de\/wp-json\/wp\/v2\/pages\/59\/revisions\/7687"}],"wp:attachment":[{"href":"https:\/\/www.hopbasel.ch\/de\/wp-json\/wp\/v2\/media?parent=59"}],"curies":[{"name":"wp","href":"https:\/\/api.w.org\/{rel}","templated":true}]}}