{"id":4912,"date":"2022-11-21T16:14:46","date_gmt":"2022-11-21T15:14:46","guid":{"rendered":"https:\/\/www.hopbasel.ch\/?page_id=4912"},"modified":"2022-11-21T22:41:28","modified_gmt":"2022-11-21T21:41:28","slug":"test-cal-widget","status":"publish","type":"page","link":"https:\/\/www.hopbasel.ch\/de\/test-cal-widget\/","title":{"rendered":"Test-Cal-Widget"},"content":{"rendered":"\t\t<div data-elementor-type=\"wp-page\" data-elementor-id=\"4912\" class=\"elementor elementor-4912\" data-elementor-post-type=\"page\">\n\t\t\t\t\t\t<section class=\"elementor-section elementor-top-section elementor-element elementor-element-1009e3f elementor-section-boxed elementor-section-height-default elementor-section-height-default\" data-id=\"1009e3f\" data-element_type=\"section\" data-e-type=\"section\">\n\t\t\t\t\t\t<div class=\"elementor-container elementor-column-gap-default\">\n\t\t\t\t\t<div class=\"elementor-column elementor-col-100 elementor-top-column elementor-element elementor-element-70aebc2\" data-id=\"70aebc2\" data-element_type=\"column\" data-e-type=\"column\">\n\t\t\t<div class=\"elementor-widget-wrap elementor-element-populated\">\n\t\t\t\t\t\t<div class=\"elementor-element elementor-element-43154c4 elementor-widget elementor-widget-hop-calendar\" data-id=\"43154c4\" data-element_type=\"widget\" data-e-type=\"widget\" data-widget_type=\"hop-calendar.default\">\n\t\t\t\t<div class=\"elementor-widget-container\">\n\t\t\t\t\t{\n \"error\": {\n  \"errors\": [\n   {\n    \"domain\": \"global\",\n    \"reason\": \"notFound\",\n    \"message\": \"Not Found\"\n   }\n  ],\n  \"code\": 404,\n  \"message\": \"Not Found\"\n }\n}\n\t\t\t\t<\/div>\n\t\t\t\t<\/div>\n\t\t\t\t\t<\/div>\n\t\t<\/div>\n\t\t\t\t\t<\/div>\n\t\t<\/section>\n\t\t\t\t<\/div>\n\t\t","protected":false},"excerpt":{"rendered":"<p>DatumZeitSet TypeWorship LeaderMorgen16:00 &#8211; 18:00Termin 2 Test 2Description 2 with a Link to a webpage. Longer text to see, what will happen here. blablabla blublublu bl\u00f6bl\u00f6bl\u00f6 test test test test test test blabla Fett Kursiv Ende.Morgen19:00 &#8211; 20:45morgen 2<\/p>\n","protected":false},"author":2,"featured_media":0,"parent":0,"menu_order":0,"comment_status":"closed","ping_status":"closed","template":"","meta":{"footnotes":""},"class_list":["post-4912","page","type-page","status-publish","hentry"],"_links":{"self":[{"href":"https:\/\/www.hopbasel.ch\/de\/wp-json\/wp\/v2\/pages\/4912","targetHints":{"allow":["GET"]}}],"collection":[{"href":"https:\/\/www.hopbasel.ch\/de\/wp-json\/wp\/v2\/pages"}],"about":[{"href":"https:\/\/www.hopbasel.ch\/de\/wp-json\/wp\/v2\/types\/page"}],"author":[{"embeddable":true,"href":"https:\/\/www.hopbasel.ch\/de\/wp-json\/wp\/v2\/users\/2"}],"replies":[{"embeddable":true,"href":"https:\/\/www.hopbasel.ch\/de\/wp-json\/wp\/v2\/comments?post=4912"}],"version-history":[{"count":34,"href":"https:\/\/www.hopbasel.ch\/de\/wp-json\/wp\/v2\/pages\/4912\/revisions"}],"predecessor-version":[{"id":4955,"href":"https:\/\/www.hopbasel.ch\/de\/wp-json\/wp\/v2\/pages\/4912\/revisions\/4955"}],"wp:attachment":[{"href":"https:\/\/www.hopbasel.ch\/de\/wp-json\/wp\/v2\/media?parent=4912"}],"curies":[{"name":"wp","href":"https:\/\/api.w.org\/{rel}","templated":true}]}}