{"id":101,"date":"2019-07-22T11:00:44","date_gmt":"2019-07-22T09:00:44","guid":{"rendered":"https:\/\/beta.hopbasel.ch\/?page_id=101"},"modified":"2024-12-30T17:42:50","modified_gmt":"2024-12-30T16:42:50","slug":"mitarbeiter-werden","status":"publish","type":"page","link":"https:\/\/www.hopbasel.ch\/de\/mitarbeit-unterstuetzung\/mitarbeiter-werden\/","title":{"rendered":"hopINTRO und Mitarbeit"},"content":{"rendered":"\t\t<div data-elementor-type=\"wp-post\" data-elementor-id=\"101\" class=\"elementor elementor-101\" data-elementor-post-type=\"page\">\n\t\t\t\t\t\t<section class=\"elementor-section elementor-top-section elementor-element elementor-element-d9a0989 elementor-section-boxed elementor-section-height-default elementor-section-height-default\" data-id=\"d9a0989\" data-element_type=\"section\" data-e-type=\"section\">\n\t\t\t\t\t\t<div class=\"elementor-container elementor-column-gap-default\">\n\t\t\t\t\t<div class=\"elementor-column elementor-col-100 elementor-top-column elementor-element elementor-element-b9b0ed5\" data-id=\"b9b0ed5\" data-element_type=\"column\" data-e-type=\"column\">\n\t\t\t<div class=\"elementor-widget-wrap elementor-element-populated\">\n\t\t\t\t\t\t<div class=\"elementor-element elementor-element-15fb8d5 elementor-widget elementor-widget-text-editor\" data-id=\"15fb8d5\" data-element_type=\"widget\" data-e-type=\"widget\" data-widget_type=\"text-editor.default\">\n\t\t\t\t<div class=\"elementor-widget-container\">\n\t\t\t\t\t\t\t\t\t<p>Bist du begeistert oder interessiert an dem, was du bis jetzt vom hop Basel geh\u00f6rt und erlebt hast? M\u00f6chtest du mehr dar\u00fcber erfahren oder Teil davon werden? Dann starte mit unserem <strong>hopINTRO<\/strong>. Ein vier Abende langer Starter-Kurs f\u00fcr alle, die sich f\u00fcrs Gebetshaus interessieren oder mitmachen wollen.<\/p><p><strong>1. Abend:<\/strong> Jeder darf kommen! Es geht darum, das hop Basel kennenzulernen.<br \/><strong>2., 3. &amp; 4. Abend:<\/strong> F\u00fcr alle, die sich eine Mitarbeit im hop Basel konkret vorstellen k\u00f6nnen oder noch am \u00fcberlegen sind. An diesen Abenden werden wir dich rund um die Themen Gebet, Anbetung, Gott kennen, Identit\u00e4t, etc. ausr\u00fcsten und uns gegenseitig besser kennenlernen.<\/p><p>Du kannst also an einem einzigen Abend oder bis zu vier Abenden teilnehmen. Am besten meldest du dich hier einfach f\u00fcr den 1. Abend an. Du erh\u00e4ltst an diesem Abend alle weiteren Infos und Daten. Grunds\u00e4tzlich werden die weiteren Abende aber meist alle 2 Wochen aufeinander folgen.<\/p>\t\t\t\t\t\t\t\t<\/div>\n\t\t\t\t<\/div>\n\t\t\t\t\t<\/div>\n\t\t<\/div>\n\t\t\t\t\t<\/div>\n\t\t<\/section>\n\t\t\t\t<section class=\"elementor-section elementor-top-section elementor-element elementor-element-037cf0c elementor-section-boxed elementor-section-height-default elementor-section-height-default\" data-id=\"037cf0c\" data-element_type=\"section\" data-e-type=\"section\">\n\t\t\t\t\t\t<div class=\"elementor-container elementor-column-gap-default\">\n\t\t\t\t\t<div class=\"elementor-column elementor-col-100 elementor-top-column elementor-element elementor-element-72ea3fd\" data-id=\"72ea3fd\" data-element_type=\"column\" data-e-type=\"column\">\n\t\t\t<div class=\"elementor-widget-wrap elementor-element-populated\">\n\t\t\t\t\t\t<div class=\"elementor-element elementor-element-5eaf21d elementor-align-center elementor-widget elementor-widget-button\" data-id=\"5eaf21d\" data-element_type=\"widget\" data-e-type=\"widget\" data-widget_type=\"button.default\">\n\t\t\t\t<div class=\"elementor-widget-container\">\n\t\t\t\t\t\t\t\t\t<div class=\"elementor-button-wrapper\">\n\t\t\t\t\t<a class=\"elementor-button elementor-button-link elementor-size-sm\" href=\"https:\/\/hopbasel.elvanto.eu\/form\/e35c02c3-24a2-49c7-b028-b62961aaa544\" target=\"_blank\">\n\t\t\t\t\t\t<span class=\"elementor-button-content-wrapper\">\n\t\t\t\t\t\t\t\t\t<span class=\"elementor-button-text\">Hier anmelden<\/span>\n\t\t\t\t\t<\/span>\n\t\t\t\t\t<\/a>\n\t\t\t\t<\/div>\n\t\t\t\t\t\t\t\t<\/div>\n\t\t\t\t<\/div>\n\t\t\t\t\t<\/div>\n\t\t<\/div>\n\t\t\t\t\t<\/div>\n\t\t<\/section>\n\t\t\t\t<section class=\"elementor-section elementor-top-section elementor-element elementor-element-8df290f elementor-section-boxed elementor-section-height-default elementor-section-height-default\" data-id=\"8df290f\" data-element_type=\"section\" data-e-type=\"section\">\n\t\t\t\t\t\t<div class=\"elementor-container elementor-column-gap-default\">\n\t\t\t\t\t<div class=\"elementor-column elementor-col-100 elementor-top-column elementor-element elementor-element-96b02d1\" data-id=\"96b02d1\" data-element_type=\"column\" data-e-type=\"column\">\n\t\t\t<div class=\"elementor-widget-wrap elementor-element-populated\">\n\t\t\t\t\t\t<div class=\"elementor-element elementor-element-86f9680 elementor-widget elementor-widget-spacer\" data-id=\"86f9680\" data-element_type=\"widget\" data-e-type=\"widget\" data-widget_type=\"spacer.default\">\n\t\t\t\t<div class=\"elementor-widget-container\">\n\t\t\t\t\t\t\t<div class=\"elementor-spacer\">\n\t\t\t<div class=\"elementor-spacer-inner\"><\/div>\n\t\t<\/div>\n\t\t\t\t\t\t<\/div>\n\t\t\t\t<\/div>\n\t\t\t\t\t<\/div>\n\t\t<\/div>\n\t\t\t\t\t<\/div>\n\t\t<\/section>\n\t\t\t\t<\/div>\n\t\t","protected":false},"excerpt":{"rendered":"<p>Bist du begeistert oder interessiert an dem, was du bis jetzt vom hop Basel geh\u00f6rt und erlebt hast? M\u00f6chtest du mehr dar\u00fcber erfahren oder Teil davon werden? Dann starte mit unserem hopINTRO. Ein vier Abende langer Starter-Kurs f\u00fcr alle, die sich f\u00fcrs Gebetshaus interessieren oder mitmachen wollen. 1. Abend: Jeder darf kommen! Es geht darum, [&hellip;]<\/p>\n","protected":false},"author":4,"featured_media":0,"parent":61,"menu_order":1,"comment_status":"closed","ping_status":"closed","template":"","meta":{"footnotes":""},"class_list":["post-101","page","type-page","status-publish","hentry"],"_links":{"self":[{"href":"https:\/\/www.hopbasel.ch\/de\/wp-json\/wp\/v2\/pages\/101","targetHints":{"allow":["GET"]}}],"collection":[{"href":"https:\/\/www.hopbasel.ch\/de\/wp-json\/wp\/v2\/pages"}],"about":[{"href":"https:\/\/www.hopbasel.ch\/de\/wp-json\/wp\/v2\/types\/page"}],"author":[{"embeddable":true,"href":"https:\/\/www.hopbasel.ch\/de\/wp-json\/wp\/v2\/users\/4"}],"replies":[{"embeddable":true,"href":"https:\/\/www.hopbasel.ch\/de\/wp-json\/wp\/v2\/comments?post=101"}],"version-history":[{"count":50,"href":"https:\/\/www.hopbasel.ch\/de\/wp-json\/wp\/v2\/pages\/101\/revisions"}],"predecessor-version":[{"id":6720,"href":"https:\/\/www.hopbasel.ch\/de\/wp-json\/wp\/v2\/pages\/101\/revisions\/6720"}],"up":[{"embeddable":true,"href":"https:\/\/www.hopbasel.ch\/de\/wp-json\/wp\/v2\/pages\/61"}],"wp:attachment":[{"href":"https:\/\/www.hopbasel.ch\/de\/wp-json\/wp\/v2\/media?parent=101"}],"curies":[{"name":"wp","href":"https:\/\/api.w.org\/{rel}","templated":true}]}}